{"id":1950,"date":"2026-01-05T17:10:19","date_gmt":"2026-01-05T17:10:19","guid":{"rendered":"https:\/\/kettanigroupe.com\/?page_id=1950"},"modified":"2026-02-27T15:12:29","modified_gmt":"2026-02-27T15:12:29","slug":"kettani-group-services","status":"publish","type":"page","link":"https:\/\/kettanigroupe.com\/fr\/kettani-group-services\/","title":{"rendered":"Kettani Group services"},"content":{"rendered":"<div data-elementor-type=\"wp-page\" data-elementor-id=\"1950\" class=\"elementor elementor-1950\">\n\t\t\t\t<div class=\"elementor-element elementor-element-6f00e315 e-flex e-con-boxed e-con e-parent\" data-id=\"6f00e315\" data-element_type=\"container\" data-e-type=\"container\" data-settings=\"{&quot;background_background&quot;:&quot;classic&quot;}\">\n\t\t\t\t\t<div class=\"e-con-inner\">\n\t\t\t\t<div class=\"elementor-element elementor-element-3ec879a7 elementor-widget elementor-widget-heading\" data-id=\"3ec879a7\" data-element_type=\"widget\" data-e-type=\"widget\" data-widget_type=\"heading.default\">\n\t\t\t\t<div class=\"elementor-widget-container\">\n\t\t\t\t\t<h1 class=\"elementor-heading-title elementor-size-default\"><a href=\"https:\/\/kettanigroupe.com\/fr\/\">Meet Kettani Group<\/a> - What We Do<\/h1>\t\t\t\t<\/div>\n\t\t\t\t<\/div>\n\t\t\t\t<div class=\"elementor-element elementor-element-43143fe1 elementor-widget elementor-widget-hfe-infocard\" data-id=\"43143fe1\" data-element_type=\"widget\" data-e-type=\"widget\" data-widget_type=\"hfe-infocard.default\">\n\t\t\t\t<div class=\"elementor-widget-container\">\n\t\t\t\t\t\n\t\t<div class=\"hfe-infocard\">\n\t\t\t\t\t\t\t\t\t<div class=\"hfe-infocard-text-wrap\">\n\t\t\t\t<div class=\"hfe-infocard-text elementor-inline-editing\" data-elementor-setting-key=\"infocard_description\" data-elementor-inline-editing-toolbar=\"advanced\">\n\t\t\t\t\t<a style=\"color:#FCCF20\" href=\"https:\/\/kettanigroupe.com\/fr\/\">Kettani Group <\/a> operates a diverse range of brands and services across Morocco\u2019s airports, united by a commitment to quality and local authenticity\t\t\t\t<\/div>\n\t\t\t\t\t\t\t<\/div>\n\t\t<\/div>\n\n\t\t\t\t\t\t<\/div>\n\t\t\t\t<\/div>\n\t\t<div class=\"elementor-element elementor-element-8619b4c e-grid e-con-full e-con e-child\" data-id=\"8619b4c\" data-element_type=\"container\" data-e-type=\"container\">\n\t\t\t\t<div class=\"elementor-element elementor-element-935bcc8 elementor-widget elementor-widget-uael-infobox\" data-id=\"935bcc8\" data-element_type=\"widget\" data-e-type=\"widget\" data-widget_type=\"uael-infobox.default\">\n\t\t\t\t<div class=\"elementor-widget-container\">\n\t\t\t\t\t\n<div class=\"uael-module-content uael-infobox uael-imgicon-style-circle  infobox-has-icon uael-infobox-icon-above-title  uael-infobox-link-type-none\">\n\t<div class=\"uael-infobox-left-right-wrap\">\n\t\t\t\t\t\t<div class=\"uael-infobox-content\">\n\t\t\t\t\t\t\t<div class=\"uael-module-content uael-imgicon-wrap\">\t\t\t\t\t\t\t\t\t\t\t\t\t\t\t\t\t\t<div class=\"uael-icon-wrap elementor-animation-\">\n\t\t\t\t\t\t\t\t<span class=\"uael-icon\">\n\t\t\t\t\t\t\t\t\t<svg aria-hidden=\"true\" class=\"e-font-icon-svg e-fas-shopping-basket\" viewbox=\"0 0 576 512\" xmlns=\"http:\/\/www.w3.org\/2000\/svg\"><path d=\"M576 216v16c0 13.255-10.745 24-24 24h-8l-26.113 182.788C514.509 462.435 494.257 480 470.37 480H105.63c-23.887 0-44.139-17.565-47.518-41.212L32 256h-8c-13.255 0-24-10.745-24-24v-16c0-13.255 10.745-24 24-24h67.341l106.78-146.821c10.395-14.292 30.407-17.453 44.701-7.058 14.293 10.395 17.453 30.408 7.058 44.701L170.477 192h235.046L326.12 82.821c-10.395-14.292-7.234-34.306 7.059-44.701 14.291-10.395 34.306-7.235 44.701 7.058L484.659 192H552c13.255 0 24 10.745 24 24zM312 392V280c0-13.255-10.745-24-24-24s-24 10.745-24 24v112c0 13.255 10.745 24 24 24s24-10.745 24-24zm112 0V280c0-13.255-10.745-24-24-24s-24 10.745-24 24v112c0 13.255 10.745 24 24 24s24-10.745 24-24zm-224 0V280c0-13.255-10.745-24-24-24s-24 10.745-24 24v112c0 13.255 10.745 24 24 24s24-10.745 24-24z\"><\/path><\/svg>\t\t\t\t\t\t\t\t<\/span>\n\t\t\t\t\t\t\t<\/div>\n\t\t\t\t\t\t\t\n\t\t\t\t\t\t\t\t\t\t\t\t\t\t<\/div>\n\t\t\t\t\t\t\t<div class='uael-infobox-title-wrap'><h3 class=\"uael-infobox-title elementor-inline-editing\" data-elementor-setting-key=\"infobox_title\" data-elementor-inline-editing-toolbar=\"basic\" >Commerces et souvenirs<\/h3><\/div>\t\t\t\t\t\t\t\t\t<div class=\"uael-infobox-text-wrap\">\n\t\t\t\t<div class=\"uael-infobox-text elementor-inline-editing\" data-elementor-setting-key=\"infobox_description\" data-elementor-inline-editing-toolbar=\"advanced\">\n\t\t\t\t\tTr\u00e9sors El Mamoun : boutiques d'a\u00e9roport proposant des objets artisanaux marocains faits main, des souvenirs et des articles de d\u00e9coration int\u00e9rieure, soutenant les artisans et pr\u00e9servant le patrimoine.\t\t\t\t<\/div>\n\t\t\t\t\t\n\t\t\t\t\t\t\t<\/div>\n\t\t<\/div>\n\t\t\t<\/div>\n<\/div>\n\t\t\t\t<\/div>\n\t\t\t\t<\/div>\n\t\t\t\t<div class=\"elementor-element elementor-element-9c9e5a6 elementor-widget elementor-widget-uael-infobox\" data-id=\"9c9e5a6\" data-element_type=\"widget\" data-e-type=\"widget\" data-widget_type=\"uael-infobox.default\">\n\t\t\t\t<div class=\"elementor-widget-container\">\n\t\t\t\t\t\n<div class=\"uael-module-content uael-infobox uael-imgicon-style-circle  infobox-has-icon uael-infobox-icon-above-title  uael-infobox-link-type-none\">\n\t<div class=\"uael-infobox-left-right-wrap\">\n\t\t\t\t\t\t<div class=\"uael-infobox-content\">\n\t\t\t\t\t\t\t<div class=\"uael-module-content uael-imgicon-wrap\">\t\t\t\t\t\t\t\t\t\t\t\t\t\t\t\t\t\t<div class=\"uael-icon-wrap elementor-animation-\">\n\t\t\t\t\t\t\t\t<span class=\"uael-icon\">\n\t\t\t\t\t\t\t\t\t<svg aria-hidden=\"true\" class=\"e-font-icon-svg e-fas-tshirt\" viewbox=\"0 0 640 512\" xmlns=\"http:\/\/www.w3.org\/2000\/svg\"><path d=\"M631.2 96.5L436.5 0C416.4 27.8 371.9 47.2 320 47.2S223.6 27.8 203.5 0L8.8 96.5c-7.9 4-11.1 13.6-7.2 21.5l57.2 114.5c4 7.9 13.6 11.1 21.5 7.2l56.6-27.7c10.6-5.2 23 2.5 23 14.4V480c0 17.7 14.3 32 32 32h256c17.7 0 32-14.3 32-32V226.3c0-11.8 12.4-19.6 23-14.4l56.6 27.7c7.9 4 17.5.8 21.5-7.2L638.3 118c4-7.9.8-17.6-7.1-21.5z\"><\/path><\/svg>\t\t\t\t\t\t\t\t<\/span>\n\t\t\t\t\t\t\t<\/div>\n\t\t\t\t\t\t\t\n\t\t\t\t\t\t\t\t\t\t\t\t\t\t<\/div>\n\t\t\t\t\t\t\t<div class='uael-infobox-title-wrap'><h3 class=\"uael-infobox-title elementor-inline-editing\" data-elementor-setting-key=\"infobox_title\" data-elementor-inline-editing-toolbar=\"basic\" >Mode de luxe<\/h3><\/div>\t\t\t\t\t\t\t\t\t<div class=\"uael-infobox-text-wrap\">\n\t\t\t\t<div class=\"uael-infobox-text elementor-inline-editing\" data-elementor-setting-key=\"infobox_description\" data-elementor-inline-editing-toolbar=\"advanced\">\n\t\t\t\t\tKounouz : Pr\u00eat-\u00e0-porter et accessoires haut de gamme alliant techniques ancestrales et design contemporain, avec des collections pour hommes, femmes et enfants.\t\t\t\t<\/div>\n\t\t\t\t\t\n\t\t\t\t\t\t\t<\/div>\n\t\t<\/div>\n\t\t\t<\/div>\n<\/div>\n\t\t\t\t<\/div>\n\t\t\t\t<\/div>\n\t\t\t\t<div class=\"elementor-element elementor-element-38c454e elementor-widget elementor-widget-uael-infobox\" data-id=\"38c454e\" data-element_type=\"widget\" data-e-type=\"widget\" data-widget_type=\"uael-infobox.default\">\n\t\t\t\t<div class=\"elementor-widget-container\">\n\t\t\t\t\t\n<div class=\"uael-module-content uael-infobox uael-imgicon-style-circle  infobox-has-icon uael-infobox-icon-above-title  uael-infobox-link-type-none\">\n\t<div class=\"uael-infobox-left-right-wrap\">\n\t\t\t\t\t\t<div class=\"uael-infobox-content\">\n\t\t\t\t\t\t\t<div class=\"uael-module-content uael-imgicon-wrap\">\t\t\t\t\t\t\t\t\t\t\t\t\t\t\t\t\t\t<div class=\"uael-icon-wrap elementor-animation-\">\n\t\t\t\t\t\t\t\t<span class=\"uael-icon\">\n\t\t\t\t\t\t\t\t\t<svg aria-hidden=\"true\" class=\"e-font-icon-svg e-fas-plane\" viewbox=\"0 0 576 512\" xmlns=\"http:\/\/www.w3.org\/2000\/svg\"><path d=\"M480 192H365.71L260.61 8.06A16.014 16.014 0 0 0 246.71 0h-65.5c-10.63 0-18.3 10.17-15.38 20.39L214.86 192H112l-43.2-57.6c-3.02-4.03-7.77-6.4-12.8-6.4H16.01C5.6 128-2.04 137.78.49 147.88L32 256 .49 364.12C-2.04 374.22 5.6 384 16.01 384H56c5.04 0 9.78-2.37 12.8-6.4L112 320h102.86l-49.03 171.6c-2.92 10.22 4.75 20.4 15.38 20.4h65.5c5.74 0 11.04-3.08 13.89-8.06L365.71 320H480c35.35 0 96-28.65 96-64s-60.65-64-96-64z\"><\/path><\/svg>\t\t\t\t\t\t\t\t<\/span>\n\t\t\t\t\t\t\t<\/div>\n\t\t\t\t\t\t\t\n\t\t\t\t\t\t\t\t\t\t\t\t\t\t<\/div>\n\t\t\t\t\t\t\t<div class='uael-infobox-title-wrap'><h3 class=\"uael-infobox-title elementor-inline-editing\" data-elementor-setting-key=\"infobox_title\" data-elementor-inline-editing-toolbar=\"basic\" >Services a\u00e9roportuaires<\/h3><\/div>\t\t\t\t\t\t\t\t\t<div class=\"uael-infobox-text-wrap\">\n\t\t\t\t<div class=\"uael-infobox-text elementor-inline-editing\" data-elementor-setting-key=\"infobox_description\" data-elementor-inline-editing-toolbar=\"advanced\">\n\t\t\t\t\tSogeka : Services de stationnement et d'exploitation dans les principaux a\u00e9roports, garantissant des exp\u00e9riences de voyage fiables et efficaces.\t\t\t\t<\/div>\n\t\t\t\t\t\n\t\t\t\t\t\t\t<\/div>\n\t\t<\/div>\n\t\t\t<\/div>\n<\/div>\n\t\t\t\t<\/div>\n\t\t\t\t<\/div>\n\t\t\t\t<div class=\"elementor-element elementor-element-c5f6309 elementor-widget elementor-widget-uael-infobox\" data-id=\"c5f6309\" data-element_type=\"widget\" data-e-type=\"widget\" data-widget_type=\"uael-infobox.default\">\n\t\t\t\t<div class=\"elementor-widget-container\">\n\t\t\t\t\t\n<div class=\"uael-module-content uael-infobox uael-imgicon-style-circle  infobox-has-icon uael-infobox-icon-above-title  uael-infobox-link-type-none\">\n\t<div class=\"uael-infobox-left-right-wrap\">\n\t\t\t\t\t\t<div class=\"uael-infobox-content\">\n\t\t\t\t\t\t\t<div class=\"uael-module-content uael-imgicon-wrap\">\t\t\t\t\t\t\t\t\t\t\t\t\t\t\t\t\t\t<div class=\"uael-icon-wrap elementor-animation-\">\n\t\t\t\t\t\t\t\t<span class=\"uael-icon\">\n\t\t\t\t\t\t\t\t\t<svg aria-hidden=\"true\" class=\"e-font-icon-svg e-fas-person-booth\" viewbox=\"0 0 576 512\" xmlns=\"http:\/\/www.w3.org\/2000\/svg\"><path d=\"M192 496c0 8.8 7.2 16 16 16h32c8.8 0 16-7.2 16-16V320h-64v176zm32-272h-50.9l-45.2-45.3C115.8 166.6 99.7 160 82.7 160H64c-17.1 0-33.2 6.7-45.3 18.8C6.7 190.9 0 207 0 224.1L.2 320 0 480c0 17.7 14.3 32 31.9 32 17.6 0 32-14.3 32-32l.1-100.7c.9.5 1.6 1.3 2.5 1.7l29.1 43v56c0 17.7 14.3 32 32 32s32-14.3 32-32v-56.5c0-9.9-2.3-19.8-6.7-28.6l-41.2-61.3V253l20.9 20.9c9.1 9.1 21.1 14.1 33.9 14.1H224c17.7 0 32-14.3 32-32s-14.3-32-32-32zM64 128c26.5 0 48-21.5 48-48S90.5 32 64 32 16 53.5 16 80s21.5 48 48 48zm224-96l31.5 223.1-30.9 154.6c-4.3 21.6 13 38.3 31.4 38.3 15.2 0 28-9.1 32.3-30.4.9 16.9 14.6 30.4 31.7 30.4 17.7 0 32-14.3 32-32 0 17.7 14.3 32 32 32s32-14.3 32-32V0H288v32zm-96 0v160h64V0h-32c-17.7 0-32 14.3-32 32zM544 0h-32v496c0 8.8 7.2 16 16 16h32c8.8 0 16-7.2 16-16V32c0-17.7-14.3-32-32-32z\"><\/path><\/svg>\t\t\t\t\t\t\t\t<\/span>\n\t\t\t\t\t\t\t<\/div>\n\t\t\t\t\t\t\t\n\t\t\t\t\t\t\t\t\t\t\t\t\t\t<\/div>\n\t\t\t\t\t\t\t<div class='uael-infobox-title-wrap'><h3 class=\"uael-infobox-title elementor-inline-editing\" data-elementor-setting-key=\"infobox_title\" data-elementor-inline-editing-toolbar=\"basic\" >Exp\u00e9rience client<\/h3><\/div>\t\t\t\t\t\t\t\t\t<div class=\"uael-infobox-text-wrap\">\n\t\t\t\t<div class=\"uael-infobox-text elementor-inline-editing\" data-elementor-setting-key=\"infobox_description\" data-elementor-inline-editing-toolbar=\"advanced\">\n\t\t\t\t\t\u00c0 travers toutes ses marques, le groupe Kettani garantit un voyage sans encombre aux voyageurs, en combinant des produits s\u00e9lectionn\u00e9s avec soin, la culture locale et un service attentionn\u00e9.\t\t\t\t<\/div>\n\t\t\t\t\t\n\t\t\t\t\t\t\t<\/div>\n\t\t<\/div>\n\t\t\t<\/div>\n<\/div>\n\t\t\t\t<\/div>\n\t\t\t\t<\/div>\n\t\t\t\t<div class=\"elementor-element elementor-element-7dc1abe elementor-widget elementor-widget-uael-infobox\" data-id=\"7dc1abe\" data-element_type=\"widget\" data-e-type=\"widget\" data-widget_type=\"uael-infobox.default\">\n\t\t\t\t<div class=\"elementor-widget-container\">\n\t\t\t\t\t\n<div class=\"uael-module-content uael-infobox uael-imgicon-style-circle  infobox-has-icon uael-infobox-icon-above-title  uael-infobox-link-type-none\">\n\t<div class=\"uael-infobox-left-right-wrap\">\n\t\t\t\t\t\t<div class=\"uael-infobox-content\">\n\t\t\t\t\t\t\t<div class=\"uael-module-content uael-imgicon-wrap\">\t\t\t\t\t\t\t\t\t\t\t\t\t\t\t\t\t\t<div class=\"uael-icon-wrap elementor-animation-\">\n\t\t\t\t\t\t\t\t<span class=\"uael-icon\">\n\t\t\t\t\t\t\t\t\t<svg aria-hidden=\"true\" class=\"e-font-icon-svg e-fas-gem\" viewbox=\"0 0 576 512\" xmlns=\"http:\/\/www.w3.org\/2000\/svg\"><path d=\"M485.5 0L576 160H474.9L405.7 0h79.8zm-128 0l69.2 160H149.3L218.5 0h139zm-267 0h79.8l-69.2 160H0L90.5 0zM0 192h100.7l123 251.7c1.5 3.1-2.7 5.9-5 3.3L0 192zm148.2 0h279.6l-137 318.2c-1 2.4-4.5 2.4-5.5 0L148.2 192zm204.1 251.7l123-251.7H576L357.3 446.9c-2.3 2.7-6.5-.1-5-3.2z\"><\/path><\/svg>\t\t\t\t\t\t\t\t<\/span>\n\t\t\t\t\t\t\t<\/div>\n\t\t\t\t\t\t\t\n\t\t\t\t\t\t\t\t\t\t\t\t\t\t<\/div>\n\t\t\t\t\t\t\t<div class='uael-infobox-title-wrap'><h3 class=\"uael-infobox-title elementor-inline-editing\" data-elementor-setting-key=\"infobox_title\" data-elementor-inline-editing-toolbar=\"basic\" >La mode<\/h3><\/div>\t\t\t\t\t\t\t\t\t<div class=\"uael-infobox-text-wrap\">\n\t\t\t\t<div class=\"uael-infobox-text elementor-inline-editing\" data-elementor-setting-key=\"infobox_description\" data-elementor-inline-editing-toolbar=\"advanced\">\n\t\t\t\t\tBrakett : marque de v\u00eatements et d'accessoires inspir\u00e9e par la culture marocaine, proposant des styles modernes ancr\u00e9s dans l'artisanat traditionnel.\t\t\t\t<\/div>\n\t\t\t\t\t\n\t\t\t\t\t\t\t<\/div>\n\t\t<\/div>\n\t\t\t<\/div>\n<\/div>\n\t\t\t\t<\/div>\n\t\t\t\t<\/div>\n\t\t\t\t<div class=\"elementor-element elementor-element-4db5255 elementor-widget elementor-widget-uael-infobox\" data-id=\"4db5255\" data-element_type=\"widget\" data-e-type=\"widget\" data-widget_type=\"uael-infobox.default\">\n\t\t\t\t<div class=\"elementor-widget-container\">\n\t\t\t\t\t\n<div class=\"uael-module-content uael-infobox uael-imgicon-style-circle  infobox-has-icon uael-infobox-icon-above-title  uael-infobox-link-type-none\">\n\t<div class=\"uael-infobox-left-right-wrap\">\n\t\t\t\t\t\t<div class=\"uael-infobox-content\">\n\t\t\t\t\t\t\t<div class=\"uael-module-content uael-imgicon-wrap\">\t\t\t\t\t\t\t\t\t\t\t\t\t\t\t\t\t\t<div class=\"uael-icon-wrap elementor-animation-\">\n\t\t\t\t\t\t\t\t<span class=\"uael-icon\">\n\t\t\t\t\t\t\t\t\t<svg aria-hidden=\"true\" class=\"e-font-icon-svg e-fas-chess-king\" viewbox=\"0 0 448 512\" xmlns=\"http:\/\/www.w3.org\/2000\/svg\"><path d=\"M400 448H48a16 16 0 0 0-16 16v32a16 16 0 0 0 16 16h352a16 16 0 0 0 16-16v-32a16 16 0 0 0-16-16zm16-288H256v-48h40a8 8 0 0 0 8-8V56a8 8 0 0 0-8-8h-40V8a8 8 0 0 0-8-8h-48a8 8 0 0 0-8 8v40h-40a8 8 0 0 0-8 8v48a8 8 0 0 0 8 8h40v48H32a32 32 0 0 0-30.52 41.54L74.56 416h298.88l73.08-214.46A32 32 0 0 0 416 160z\"><\/path><\/svg>\t\t\t\t\t\t\t\t<\/span>\n\t\t\t\t\t\t\t<\/div>\n\t\t\t\t\t\t\t\n\t\t\t\t\t\t\t\t\t\t\t\t\t\t<\/div>\n\t\t\t\t\t\t\t<div class='uael-infobox-title-wrap'><h3 class=\"uael-infobox-title elementor-inline-editing\" data-elementor-setting-key=\"infobox_title\" data-elementor-inline-editing-toolbar=\"basic\" >Engagement envers la qualit\u00e9<\/h3><\/div>\t\t\t\t\t\t\t\t\t<div class=\"uael-infobox-text-wrap\">\n\t\t\t\t<div class=\"uael-infobox-text elementor-inline-editing\" data-elementor-setting-key=\"infobox_description\" data-elementor-inline-editing-toolbar=\"advanced\">\n\t\t\t\t\tEngagement en faveur de la qualit\u00e9 et de l'exp\u00e9rience client - normes \u00e9lev\u00e9es pour tous les produits et services.\t\t\t\t<\/div>\n\t\t\t\t\t\n\t\t\t\t\t\t\t<\/div>\n\t\t<\/div>\n\t\t\t<\/div>\n<\/div>\n\t\t\t\t<\/div>\n\t\t\t\t<\/div>\n\t\t\t\t<\/div>\n\t\t\t\t\t<\/div>\n\t\t\t\t<\/div>\n\t\t<div class=\"elementor-element elementor-element-5472be0b e-con-full e-flex e-con e-parent\" data-id=\"5472be0b\" data-element_type=\"container\" data-e-type=\"container\">\n\t\t<div class=\"elementor-element elementor-element-3067825c e-con-full e-flex e-con e-child\" data-id=\"3067825c\" data-element_type=\"container\" data-e-type=\"container\" data-settings=\"{&quot;background_background&quot;:&quot;classic&quot;}\">\n\t\t\t\t<\/div>\n\t\t<div class=\"elementor-element elementor-element-65c1e8e6 e-con-full e-flex e-con e-child\" data-id=\"65c1e8e6\" data-element_type=\"container\" data-e-type=\"container\">\n\t\t\t\t<div class=\"elementor-element elementor-element-50043c9c elementor-widget elementor-widget-hfe-infocard\" data-id=\"50043c9c\" data-element_type=\"widget\" data-e-type=\"widget\" data-widget_type=\"hfe-infocard.default\">\n\t\t\t\t<div class=\"elementor-widget-container\">\n\t\t\t\t\t\n\t\t<div class=\"hfe-infocard\">\n\t\t\t\t\t\t\t\t\t<div class=\"hfe-infocard-title-wrap\">\n\t\t\t\t<h2 class=\"hfe-infocard-title elementor-inline-editing\" data-elementor-setting-key=\"infocard_title\" data-elementor-inline-editing-toolbar=\"basic\" >Enracin\u00e9 au Maroc<\/h2>\t\t\t<\/div>\n\t\t\t\t\t\t<div class=\"hfe-infocard-text-wrap\">\n\t\t\t\t<div class=\"hfe-infocard-text elementor-inline-editing\" data-elementor-setting-key=\"infocard_description\" data-elementor-inline-editing-toolbar=\"advanced\">\n\t\t\t\t\tCon\u00e7u pour le voyage\t\t\t\t<\/div>\n\t\t\t\t\t\t\t<\/div>\n\t\t<\/div>\n\n\t\t\t\t\t\t<\/div>\n\t\t\t\t<\/div>\n\t\t\t\t<div class=\"elementor-element elementor-element-2c58ee9 elementor-widget elementor-widget-text-editor\" data-id=\"2c58ee9\" data-element_type=\"widget\" data-e-type=\"widget\" data-widget_type=\"text-editor.default\">\n\t\t\t\t<div class=\"elementor-widget-container\">\n\t\t\t\t\t\t\t\t\t<p data-start=\"354\" data-end=\"635\">At the heart of <a href=\"https:\/\/kettanigroupe.com\/fr\/about-kettani-group\/\">Kettani Group<\/a>\u2019s activities is a deep connection to Morocco. We work closely with artisans, cooperatives, and local workshops across different cities, transforming traditional craftsmanship into curated retail experiences for international travellers.<\/p><p data-start=\"637\" data-end=\"842\">En combinant <strong data-start=\"650\" data-end=\"727\">production locale, pr\u00e9sentation contemporaine et op\u00e9rations pr\u00eates pour l'a\u00e9roport<\/strong>, nous aidons les produits marocains \u00e0 voyager au-del\u00e0 des fronti\u00e8res, tout en pr\u00e9servant leur authenticit\u00e9, leur qualit\u00e9 et leur valeur culturelle.<\/p><p data-start=\"844\" data-end=\"1003\">Cette approche nous permet de soutenir les petits producteurs, de promouvoir le patrimoine marocain et d'offrir aux voyageurs des produits significatifs qui racontent une histoire, et ne sont pas de simples souvenirs.<\/p>\t\t\t\t\t\t\t\t<\/div>\n\t\t\t\t<\/div>\n\t\t\t\t<\/div>\n\t\t\t\t<\/div>\n\t\t\t\t<\/div>","protected":false},"excerpt":{"rendered":"<p>Meet Kettani Group &#8211; What We Do Kettani Group operates a diverse range of brands and services across Morocco\u2019s airports, [&hellip;]<\/p>\n","protected":false},"author":1,"featured_media":1773,"parent":0,"menu_order":0,"comment_status":"closed","ping_status":"closed","template":"","meta":{"site-sidebar-layout":"no-sidebar","site-content-layout":"","ast-site-content-layout":"full-width-container","site-content-style":"default","site-sidebar-style":"default","ast-global-header-display":"","ast-banner-title-visibility":"","ast-main-header-display":"","ast-hfb-above-header-display":"","ast-hfb-below-header-display":"","ast-hfb-mobile-header-display":"","site-post-title":"disabled","ast-breadcrumbs-content":"","ast-featured-img":"disabled","footer-sml-layout":"","ast-disable-related-posts":"","theme-transparent-header-meta":"default","adv-header-id-meta":"","stick-header-meta":"default","header-above-stick-meta":"","header-main-stick-meta":"","header-below-stick-meta":"","astra-migrate-meta-layouts":"set","ast-page-background-enabled":"default","ast-page-background-meta":{"desktop":{"background-color":"var(--ast-global-color-5)","background-image":"","background-repeat":"repeat","background-position":"center center","background-size":"auto","background-attachment":"scroll","background-type":"","background-media":"","overlay-type":"","overlay-color":"","overlay-opacity":"","overlay-gradient":""},"tablet":{"background-color":"","background-image":"","background-repeat":"repeat","background-position":"center center","background-size":"auto","background-attachment":"scroll","background-type":"","background-media":"","overlay-type":"","overlay-color":"","overlay-opacity":"","overlay-gradient":""},"mobile":{"background-color":"","background-image":"","background-repeat":"repeat","background-position":"center center","background-size":"auto","background-attachment":"scroll","background-type":"","background-media":"","overlay-type":"","overlay-color":"","overlay-opacity":"","overlay-gradient":""}},"ast-content-background-meta":{"desktop":{"background-color":"var(--ast-global-color-4)","background-image":"","background-repeat":"repeat","background-position":"center center","background-size":"auto","background-attachment":"scroll","background-type":"","background-media":"","overlay-type":"","overlay-color":"","overlay-opacity":"","overlay-gradient":""},"tablet":{"background-color":"var(--ast-global-color-4)","background-image":"","background-repeat":"repeat","background-position":"center center","background-size":"auto","background-attachment":"scroll","background-type":"","background-media":"","overlay-type":"","overlay-color":"","overlay-opacity":"","overlay-gradient":""},"mobile":{"background-color":"var(--ast-global-color-4)","background-image":"","background-repeat":"repeat","background-position":"center center","background-size":"auto","background-attachment":"scroll","background-type":"","background-media":"","overlay-type":"","overlay-color":"","overlay-opacity":"","overlay-gradient":""}},"footnotes":""},"class_list":["post-1950","page","type-page","status-publish","has-post-thumbnail","hentry"],"_links":{"self":[{"href":"https:\/\/kettanigroupe.com\/fr\/wp-json\/wp\/v2\/pages\/1950","targetHints":{"allow":["GET"]}}],"collection":[{"href":"https:\/\/kettanigroupe.com\/fr\/wp-json\/wp\/v2\/pages"}],"about":[{"href":"https:\/\/kettanigroupe.com\/fr\/wp-json\/wp\/v2\/types\/page"}],"author":[{"embeddable":true,"href":"https:\/\/kettanigroupe.com\/fr\/wp-json\/wp\/v2\/users\/1"}],"replies":[{"embeddable":true,"href":"https:\/\/kettanigroupe.com\/fr\/wp-json\/wp\/v2\/comments?post=1950"}],"version-history":[{"count":18,"href":"https:\/\/kettanigroupe.com\/fr\/wp-json\/wp\/v2\/pages\/1950\/revisions"}],"predecessor-version":[{"id":2553,"href":"https:\/\/kettanigroupe.com\/fr\/wp-json\/wp\/v2\/pages\/1950\/revisions\/2553"}],"wp:featuredmedia":[{"embeddable":true,"href":"https:\/\/kettanigroupe.com\/fr\/wp-json\/wp\/v2\/media\/1773"}],"wp:attachment":[{"href":"https:\/\/kettanigroupe.com\/fr\/wp-json\/wp\/v2\/media?parent=1950"}],"curies":[{"name":"wp","href":"https:\/\/api.w.org\/{rel}","templated":true}]}}