{"id":1986,"date":"2026-01-06T15:31:07","date_gmt":"2026-01-06T15:31:07","guid":{"rendered":"https:\/\/kettanigroupe.com\/?page_id=1986"},"modified":"2026-02-27T15:18:53","modified_gmt":"2026-02-27T15:18:53","slug":"kettani-group-leadership","status":"publish","type":"page","link":"https:\/\/kettanigroupe.com\/fr\/kettani-group-leadership\/","title":{"rendered":"Kettani Group leadership"},"content":{"rendered":"<div data-elementor-type=\"wp-page\" data-elementor-id=\"1986\" class=\"elementor elementor-1986\">\n\t\t\t\t<div class=\"elementor-element elementor-element-7bb621ad e-flex e-con-boxed e-con e-parent\" data-id=\"7bb621ad\" data-element_type=\"container\" data-e-type=\"container\" data-settings=\"{&quot;background_background&quot;:&quot;classic&quot;}\">\n\t\t\t\t\t<div class=\"e-con-inner\">\n\t\t\t\t<div class=\"elementor-element elementor-element-48197992 elementor-widget elementor-widget-heading\" data-id=\"48197992\" data-element_type=\"widget\" data-e-type=\"widget\" data-widget_type=\"heading.default\">\n\t\t\t\t<div class=\"elementor-widget-container\">\n\t\t\t\t\t<h1 class=\"elementor-heading-title elementor-size-default\">Leadership<\/h1>\t\t\t\t<\/div>\n\t\t\t\t<\/div>\n\t\t\t\t<div class=\"elementor-element elementor-element-4d1f088 elementor-widget elementor-widget-heading\" data-id=\"4d1f088\" data-element_type=\"widget\" data-e-type=\"widget\" data-widget_type=\"heading.default\">\n\t\t\t\t<div class=\"elementor-widget-container\">\n\t\t\t\t\t<h2 class=\"elementor-heading-title elementor-size-default\">Moulay Brahim Kettani \u2013 Founder &amp; Chairman<\/h2>\t\t\t\t<\/div>\n\t\t\t\t<\/div>\n\t\t\t\t<div class=\"elementor-element elementor-element-57476331 elementor-widget elementor-widget-text-editor\" data-id=\"57476331\" data-element_type=\"widget\" data-e-type=\"widget\" data-widget_type=\"text-editor.default\">\n\t\t\t\t<div class=\"elementor-widget-container\">\n\t\t\t\t\t\t\t\t\t<p>Moulay Brahim Kettani founded Tr\u00e9sors El Mamoun in 1999 to showcase the richness of Moroccan craftsmanship, His vision expanded into <a href=\"https:\/\/kettanigroupe.com\/fr\/\">Kettani Group<\/a>, A multi\u2011brand operator dedicated to connecting travellers with authentic Moroccan products and experiences. Today, he oversees strategic direction and maintains strong relationships with artisans, airport authorities and partners.<\/p>\t\t\t\t\t\t\t\t<\/div>\n\t\t\t\t<\/div>\n\t\t\t\t<div class=\"elementor-element elementor-element-13c7aa5c elementor-widget elementor-widget-image\" data-id=\"13c7aa5c\" data-element_type=\"widget\" data-e-type=\"widget\" data-widget_type=\"image.default\">\n\t\t\t\t<div class=\"elementor-widget-container\">\n\t\t\t\t\t\t\t\t\t\t\t\t\t\t\t<img fetchpriority=\"high\" decoding=\"async\" width=\"913\" height=\"1136\" src=\"https:\/\/kettanigroupe.com\/wp-content\/uploads\/2025\/12\/molay-brahim-ketani-Founder-and-CEO-of-Tresors-el-mamoun.jpg.webp\" class=\"attachment-full size-full wp-image-1844\" alt=\"molay brahim ketani founder and ceo of Kettani Group Walking with the king of Morocco showing him the aiport shops\" srcset=\"https:\/\/kettanigroupe.com\/wp-content\/uploads\/2025\/12\/molay-brahim-ketani-Founder-and-CEO-of-Tresors-el-mamoun.jpg.webp 913w, https:\/\/kettanigroupe.com\/wp-content\/uploads\/2025\/12\/molay-brahim-ketani-Founder-and-CEO-of-Tresors-el-mamoun.jpg-241x300.webp 241w, https:\/\/kettanigroupe.com\/wp-content\/uploads\/2025\/12\/molay-brahim-ketani-Founder-and-CEO-of-Tresors-el-mamoun.jpg-823x1024.webp 823w, https:\/\/kettanigroupe.com\/wp-content\/uploads\/2025\/12\/molay-brahim-ketani-Founder-and-CEO-of-Tresors-el-mamoun.jpg-768x956.webp 768w\" sizes=\"(max-width: 913px) 100vw, 913px\" \/>\t\t\t\t\t\t\t\t\t\t\t\t\t\t\t<\/div>\n\t\t\t\t<\/div>\n\t\t\t\t\t<\/div>\n\t\t\t\t<\/div>\n\t\t<div class=\"elementor-element elementor-element-56820e5a e-flex e-con-boxed e-con e-parent\" data-id=\"56820e5a\" data-element_type=\"container\" data-e-type=\"container\">\n\t\t\t\t\t<div class=\"e-con-inner\">\n\t\t<div class=\"elementor-element elementor-element-6ff1cfc5 e-con-full e-flex e-con e-child\" data-id=\"6ff1cfc5\" data-element_type=\"container\" data-e-type=\"container\">\n\t\t<div class=\"elementor-element elementor-element-68288028 e-con-full e-grid e-con e-child\" data-id=\"68288028\" data-element_type=\"container\" data-e-type=\"container\">\n\t\t\t\t<div class=\"elementor-element elementor-element-41ab05b elementor-widget elementor-widget-uael-infobox\" data-id=\"41ab05b\" data-element_type=\"widget\" data-e-type=\"widget\" data-widget_type=\"uael-infobox.default\">\n\t\t\t\t<div class=\"elementor-widget-container\">\n\t\t\t\t\t\n<div class=\"uael-module-content uael-infobox uael-imgicon-style-normal  uael-infobox-left  infobox-has-icon uael-infobox-icon-above-title  uael-infobox-link-type-none\">\n\t<div class=\"uael-infobox-left-right-wrap\">\n\t\t\t\t\t\t<div class=\"uael-infobox-content\">\n\t\t\t\t\t\t\t<div class=\"uael-module-content uael-imgicon-wrap\">\t\t\t\t\t\t\t\t\t\t\t\n\t\t\t\t\t\t\t\t\t\t\t\t\t\t<\/div>\n\t\t\t\t\t\t\t<div class='uael-infobox-title-wrap'><h3 class=\"uael-infobox-title elementor-inline-editing\" data-elementor-setting-key=\"infobox_title\" data-elementor-inline-editing-toolbar=\"basic\" >Executive Team<\/h3><\/div>\t\t\t\t\t\t\t\t\t<div class=\"uael-infobox-text-wrap\">\n\t\t\t\t<div class=\"uael-infobox-text elementor-inline-editing\" data-elementor-setting-key=\"infobox_description\" data-elementor-inline-editing-toolbar=\"advanced\">\n\t\t\t\t\tLe succ\u00e8s du groupe Kettani repose sur une \u00e9quipe de professionnels exp\u00e9riment\u00e9s issus des secteurs de la vente au d\u00e9tail, de la mode, de l'h\u00f4tellerie et des services. Ensemble, ils apportent une connaissance culturelle approfondie et une expertise op\u00e9rationnelle, garantissant que chaque marque refl\u00e8te l'identit\u00e9 marocaine et offre une qualit\u00e9 et une exp\u00e9rience client exceptionnelles.\t\t\t\t<\/div>\n\t\t\t\t\t\n\t\t\t\t\t\t\t<\/div>\n\t\t<\/div>\n\t\t\t<\/div>\n<\/div>\n\t\t\t\t<\/div>\n\t\t\t\t<\/div>\n\t\t\t\t<div class=\"elementor-element elementor-element-164e4332 elementor-widget elementor-widget-image\" data-id=\"164e4332\" data-element_type=\"widget\" data-e-type=\"widget\" data-widget_type=\"image.default\">\n\t\t\t\t<div class=\"elementor-widget-container\">\n\t\t\t\t\t\t\t\t\t\t\t\t\t\t\t<img decoding=\"async\" width=\"1000\" height=\"1000\" src=\"https:\/\/kettanigroupe.com\/wp-content\/uploads\/2026\/01\/blurred-soft-people-meeting-table-business-people-talking-modern-office-generative-ai.jpg\" class=\"attachment-full size-full wp-image-1993\" alt=\"blurred soft of people meeting at table. business people talking in modern office. generative ai\" srcset=\"https:\/\/kettanigroupe.com\/wp-content\/uploads\/2026\/01\/blurred-soft-people-meeting-table-business-people-talking-modern-office-generative-ai.jpg 1000w, https:\/\/kettanigroupe.com\/wp-content\/uploads\/2026\/01\/blurred-soft-people-meeting-table-business-people-talking-modern-office-generative-ai-300x300.jpg 300w, https:\/\/kettanigroupe.com\/wp-content\/uploads\/2026\/01\/blurred-soft-people-meeting-table-business-people-talking-modern-office-generative-ai-150x150.jpg 150w, https:\/\/kettanigroupe.com\/wp-content\/uploads\/2026\/01\/blurred-soft-people-meeting-table-business-people-talking-modern-office-generative-ai-768x768.jpg 768w\" sizes=\"(max-width: 1000px) 100vw, 1000px\" \/>\t\t\t\t\t\t\t\t\t\t\t\t\t\t\t<\/div>\n\t\t\t\t<\/div>\n\t\t\t\t<\/div>\n\t\t\t\t<\/div>\n\t\t\t\t\t<\/div>\n\t\t\t\t<\/div>\n\t\t\t\t<\/div>","protected":false},"excerpt":{"rendered":"<p>Leadership Moulay Brahim Kettani \u2013 Founder &amp; Chairman Moulay Brahim Kettani founded Tr\u00e9sors El Mamoun in 1999 to showcase the [&hellip;]<\/p>\n","protected":false},"author":1,"featured_media":1844,"parent":0,"menu_order":0,"comment_status":"closed","ping_status":"closed","template":"","meta":{"site-sidebar-layout":"no-sidebar","site-content-layout":"","ast-site-content-layout":"full-width-container","site-content-style":"default","site-sidebar-style":"default","ast-global-header-display":"","ast-banner-title-visibility":"","ast-main-header-display":"","ast-hfb-above-header-display":"","ast-hfb-below-header-display":"","ast-hfb-mobile-header-display":"","site-post-title":"disabled","ast-breadcrumbs-content":"","ast-featured-img":"disabled","footer-sml-layout":"","ast-disable-related-posts":"","theme-transparent-header-meta":"default","adv-header-id-meta":"","stick-header-meta":"default","header-above-stick-meta":"","header-main-stick-meta":"","header-below-stick-meta":"","astra-migrate-meta-layouts":"set","ast-page-background-enabled":"default","ast-page-background-meta":{"desktop":{"background-color":"var(--ast-global-color-5)","background-image":"","background-repeat":"repeat","background-position":"center center","background-size":"auto","background-attachment":"scroll","background-type":"","background-media":"","overlay-type":"","overlay-color":"","overlay-opacity":"","overlay-gradient":""},"tablet":{"background-color":"","background-image":"","background-repeat":"repeat","background-position":"center center","background-size":"auto","background-attachment":"scroll","background-type":"","background-media":"","overlay-type":"","overlay-color":"","overlay-opacity":"","overlay-gradient":""},"mobile":{"background-color":"","background-image":"","background-repeat":"repeat","background-position":"center center","background-size":"auto","background-attachment":"scroll","background-type":"","background-media":"","overlay-type":"","overlay-color":"","overlay-opacity":"","overlay-gradient":""}},"ast-content-background-meta":{"desktop":{"background-color":"var(--ast-global-color-4)","background-image":"","background-repeat":"repeat","background-position":"center center","background-size":"auto","background-attachment":"scroll","background-type":"","background-media":"","overlay-type":"","overlay-color":"","overlay-opacity":"","overlay-gradient":""},"tablet":{"background-color":"var(--ast-global-color-4)","background-image":"","background-repeat":"repeat","background-position":"center center","background-size":"auto","background-attachment":"scroll","background-type":"","background-media":"","overlay-type":"","overlay-color":"","overlay-opacity":"","overlay-gradient":""},"mobile":{"background-color":"var(--ast-global-color-4)","background-image":"","background-repeat":"repeat","background-position":"center center","background-size":"auto","background-attachment":"scroll","background-type":"","background-media":"","overlay-type":"","overlay-color":"","overlay-opacity":"","overlay-gradient":""}},"footnotes":""},"class_list":["post-1986","page","type-page","status-publish","has-post-thumbnail","hentry"],"_links":{"self":[{"href":"https:\/\/kettanigroupe.com\/fr\/wp-json\/wp\/v2\/pages\/1986","targetHints":{"allow":["GET"]}}],"collection":[{"href":"https:\/\/kettanigroupe.com\/fr\/wp-json\/wp\/v2\/pages"}],"about":[{"href":"https:\/\/kettanigroupe.com\/fr\/wp-json\/wp\/v2\/types\/page"}],"author":[{"embeddable":true,"href":"https:\/\/kettanigroupe.com\/fr\/wp-json\/wp\/v2\/users\/1"}],"replies":[{"embeddable":true,"href":"https:\/\/kettanigroupe.com\/fr\/wp-json\/wp\/v2\/comments?post=1986"}],"version-history":[{"count":21,"href":"https:\/\/kettanigroupe.com\/fr\/wp-json\/wp\/v2\/pages\/1986\/revisions"}],"predecessor-version":[{"id":2557,"href":"https:\/\/kettanigroupe.com\/fr\/wp-json\/wp\/v2\/pages\/1986\/revisions\/2557"}],"wp:featuredmedia":[{"embeddable":true,"href":"https:\/\/kettanigroupe.com\/fr\/wp-json\/wp\/v2\/media\/1844"}],"wp:attachment":[{"href":"https:\/\/kettanigroupe.com\/fr\/wp-json\/wp\/v2\/media?parent=1986"}],"curies":[{"name":"wp","href":"https:\/\/api.w.org\/{rel}","templated":true}]}}