{"id":2005,"date":"2026-01-06T16:06:38","date_gmt":"2026-01-06T16:06:38","guid":{"rendered":"https:\/\/kettanigroupe.com\/?page_id=2005"},"modified":"2026-02-27T15:20:58","modified_gmt":"2026-02-27T15:20:58","slug":"supporting-moroccan-artisans","status":"publish","type":"page","link":"https:\/\/kettanigroupe.com\/fr\/supporting-moroccan-artisans\/","title":{"rendered":"Supporting Moroccan Artisans"},"content":{"rendered":"<div data-elementor-type=\"wp-page\" data-elementor-id=\"2005\" class=\"elementor elementor-2005\">\n\t\t\t\t<div class=\"elementor-element elementor-element-6c9475a8 e-flex e-con-boxed e-con e-parent\" data-id=\"6c9475a8\" data-element_type=\"container\" data-e-type=\"container\" data-settings=\"{&quot;background_background&quot;:&quot;classic&quot;}\">\n\t\t\t\t\t<div class=\"e-con-inner\">\n\t\t\t\t<div class=\"elementor-element elementor-element-d2567d1 elementor-widget elementor-widget-heading\" data-id=\"d2567d1\" data-element_type=\"widget\" data-e-type=\"widget\" data-widget_type=\"heading.default\">\n\t\t\t\t<div class=\"elementor-widget-container\">\n\t\t\t\t\t<h1 class=\"elementor-heading-title elementor-size-default\">Soutenir les artisans<\/h1>\t\t\t\t<\/div>\n\t\t\t\t<\/div>\n\t\t\t\t<div class=\"elementor-element elementor-element-3b687ae5 elementor-widget elementor-widget-text-editor\" data-id=\"3b687ae5\" data-element_type=\"widget\" data-e-type=\"widget\" data-widget_type=\"text-editor.default\">\n\t\t\t\t<div class=\"elementor-widget-container\">\n\t\t\t\t\t\t\t\t\t<p>At <a href=\"https:\/\/kettanigroupe.com\/fr\/\">Kettani Group<\/a>, supporting Moroccan artisans is not an initiative, it is part of our DNA.<br data-start=\"447\" data-end=\"450\" \/>Gr\u00e2ce \u00e0 nos marques et \u00e0 notre pr\u00e9sence dans les a\u00e9roports, nous offrons aux artisans des opportunit\u00e9s \u00e0 long terme de partager leur savoir-faire avec le monde entier.<\/p>\t\t\t\t\t\t\t\t<\/div>\n\t\t\t\t<\/div>\n\t\t\t\t<div class=\"elementor-element elementor-element-5a6ffa5b elementor-widget elementor-widget-image\" data-id=\"5a6ffa5b\" data-element_type=\"widget\" data-e-type=\"widget\" data-widget_type=\"image.default\">\n\t\t\t\t<div class=\"elementor-widget-container\">\n\t\t\t\t\t\t\t\t\t\t\t\t\t\t\t<img fetchpriority=\"high\" decoding=\"async\" width=\"1435\" height=\"2560\" src=\"https:\/\/kettanigroupe.com\/wp-content\/uploads\/2026\/01\/close-up-hands-working-pottery-scaled.jpg\" class=\"attachment-full size-full wp-image-2009\" alt=\"close up hands working pottery\" srcset=\"https:\/\/kettanigroupe.com\/wp-content\/uploads\/2026\/01\/close-up-hands-working-pottery-scaled.jpg.webp 1435w, https:\/\/kettanigroupe.com\/wp-content\/uploads\/2026\/01\/close-up-hands-working-pottery-168x300.jpg.webp 168w, https:\/\/kettanigroupe.com\/wp-content\/uploads\/2026\/01\/close-up-hands-working-pottery-574x1024.jpg.webp 574w, https:\/\/kettanigroupe.com\/wp-content\/uploads\/2026\/01\/close-up-hands-working-pottery-768x1370.jpg.webp 768w, https:\/\/kettanigroupe.com\/wp-content\/uploads\/2026\/01\/close-up-hands-working-pottery-861x1536.jpg.webp 861w, https:\/\/kettanigroupe.com\/wp-content\/uploads\/2026\/01\/close-up-hands-working-pottery-1148x2048.jpg.webp 1148w\" sizes=\"(max-width: 1435px) 100vw, 1435px\" \/>\t\t\t\t\t\t\t\t\t\t\t\t\t\t\t<\/div>\n\t\t\t\t<\/div>\n\t\t\t\t\t<\/div>\n\t\t\t\t<\/div>\n\t\t<div class=\"elementor-element elementor-element-25420eab e-flex e-con-boxed e-con e-parent\" data-id=\"25420eab\" data-element_type=\"container\" data-e-type=\"container\">\n\t\t\t\t\t<div class=\"e-con-inner\">\n\t\t<div class=\"elementor-element elementor-element-5614fc57 e-con-full e-flex e-con e-child\" data-id=\"5614fc57\" data-element_type=\"container\" data-e-type=\"container\">\n\t\t\t\t<div class=\"elementor-element elementor-element-21f2fbf0 elementor-widget elementor-widget-heading\" data-id=\"21f2fbf0\" data-element_type=\"widget\" data-e-type=\"widget\" data-widget_type=\"heading.default\">\n\t\t\t\t<div class=\"elementor-widget-container\">\n\t\t\t\t\t<h2 class=\"elementor-heading-title elementor-size-default\">Pr\u00e9server le savoir-faire marocain<\/h2>\t\t\t\t<\/div>\n\t\t\t\t<\/div>\n\t\t\t\t<div class=\"elementor-element elementor-element-4e38a184 elementor-widget elementor-widget-text-editor\" data-id=\"4e38a184\" data-element_type=\"widget\" data-e-type=\"widget\" data-widget_type=\"text-editor.default\">\n\t\t\t\t<div class=\"elementor-widget-container\">\n\t\t\t\t\t\t\t\t\t<p data-start=\"626\" data-end=\"859\">Le patrimoine artisanal du Maroc repose sur des g\u00e9n\u00e9rations de savoir-faire et de traditions. Nous \u0153uvrons activement \u00e0 la pr\u00e9servation de ces techniques en int\u00e9grant des produits artisanaux dans des environnements commerciaux modernes, afin de garantir leur pertinence et leur valeur.<\/p><h5 data-start=\"866\" data-end=\"908\"><strong data-start=\"870\" data-end=\"908\">Collaboration directe avec les artisans<\/strong><\/h5><p data-start=\"909\" data-end=\"1125\">Nous collaborons directement avec des artisans, des coop\u00e9ratives et des petits ateliers \u00e0 travers tout le Maroc. Ces partenariats sont bas\u00e9s sur la confiance, des pratiques \u00e9quitables et une croissance mutuelle, permettant aux artisans de se concentrer sur la qualit\u00e9 et la cr\u00e9ativit\u00e9.<\/p><h5 data-start=\"1132\" data-end=\"1175\"><strong data-start=\"1136\" data-end=\"1175\">De l'artisanat local \u00e0 un public mondial<\/strong><\/h5><p data-start=\"1176\" data-end=\"1352\">By operating in international airports, <a href=\"https:\/\/kettanigroupe.com\/fr\/\">Kettani Group<\/a> acts as a bridge between <strong data-start=\"1255\" data-end=\"1300\">le groupe Kettani fait le lien entre l'artisanat local et les voyageurs du monde entier<\/strong>, offrant ainsi aux artisans une visibilit\u00e9 bien au-del\u00e0 des march\u00e9s locaux.<\/p>\t\t\t\t\t\t\t\t<\/div>\n\t\t\t\t<\/div>\n\t\t\t\t<\/div>\n\t\t<div class=\"elementor-element elementor-element-62fafb51 e-con-full e-flex e-con e-child\" data-id=\"62fafb51\" data-element_type=\"container\" data-e-type=\"container\">\n\t\t\t\t<div class=\"elementor-element elementor-element-1f7fa708 elementor-widget elementor-widget-image\" data-id=\"1f7fa708\" data-element_type=\"widget\" data-e-type=\"widget\" data-widget_type=\"image.default\">\n\t\t\t\t<div class=\"elementor-widget-container\">\n\t\t\t\t\t\t\t\t\t\t\t\t\t\t\t<img decoding=\"async\" width=\"772\" height=\"1024\" src=\"https:\/\/kettanigroupe.com\/wp-content\/uploads\/2026\/01\/human-hands-working-it-yourself-project-772x1024.jpg\" class=\"attachment-large size-large wp-image-2010\" alt=\"human hands working it yourself project\" srcset=\"https:\/\/kettanigroupe.com\/wp-content\/uploads\/2026\/01\/human-hands-working-it-yourself-project-772x1024.jpg.webp 772w, https:\/\/kettanigroupe.com\/wp-content\/uploads\/2026\/01\/human-hands-working-it-yourself-project-226x300.jpg.webp 226w, https:\/\/kettanigroupe.com\/wp-content\/uploads\/2026\/01\/human-hands-working-it-yourself-project-768x1019.jpg.webp 768w, https:\/\/kettanigroupe.com\/wp-content\/uploads\/2026\/01\/human-hands-working-it-yourself-project.jpg.webp 1000w\" sizes=\"(max-width: 772px) 100vw, 772px\" \/>\t\t\t\t\t\t\t\t\t\t\t\t\t\t\t<\/div>\n\t\t\t\t<\/div>\n\t\t\t\t<\/div>\n\t\t\t\t\t<\/div>\n\t\t\t\t<\/div>\n\t\t<div class=\"elementor-element elementor-element-37c072fe e-flex e-con-boxed e-con e-parent\" data-id=\"37c072fe\" data-element_type=\"container\" data-e-type=\"container\" data-settings=\"{&quot;background_background&quot;:&quot;classic&quot;}\">\n\t\t\t\t\t<div class=\"e-con-inner\">\n\t\t\t\t<div class=\"elementor-element elementor-element-110bb538 elementor-widget elementor-widget-heading\" data-id=\"110bb538\" data-element_type=\"widget\" data-e-type=\"widget\" data-widget_type=\"heading.default\">\n\t\t\t\t<div class=\"elementor-widget-container\">\n\t\t\t\t\t<h4 class=\"elementor-heading-title elementor-size-default\">Excellence op\u00e9rationnelle<\/h4>\t\t\t\t<\/div>\n\t\t\t\t<\/div>\n\t\t\t\t<div class=\"elementor-element elementor-element-439a36b7 elementor-widget elementor-widget-text-editor\" data-id=\"439a36b7\" data-element_type=\"widget\" data-e-type=\"widget\" data-widget_type=\"text-editor.default\">\n\t\t\t\t<div class=\"elementor-widget-container\">\n\t\t\t\t\t\t\t\t\t<p data-start=\"1921\" data-end=\"2084\">Tous les magasins et services sont g\u00e9r\u00e9s par <strong data-start=\"1960\" data-end=\"1987\">\u00e9quipes locales exp\u00e9riment\u00e9es<\/strong> et exploit\u00e9 sous <strong data-start=\"2007\" data-end=\"2039\">normes de qualit\u00e9 structur\u00e9es<\/strong>, renforc\u00e9 par <strong data-start=\"2055\" data-end=\"2083\">ISO certification (2025)<\/strong>.<\/p><p data-start=\"2086\" data-end=\"2217\">Des partenariats solides avec les autorit\u00e9s a\u00e9roportuaires garantissent le bon d\u00e9roulement des op\u00e9rations, la conformit\u00e9 et l'am\u00e9lioration continue sur tous les sites.<\/p>\t\t\t\t\t\t\t\t<\/div>\n\t\t\t\t<\/div>\n\t\t\t\t\t<\/div>\n\t\t\t\t<\/div>\n\t\t\t\t<\/div>","protected":false},"excerpt":{"rendered":"<p>Supporting Artisans At Kettani Group, supporting Moroccan artisans is not an initiative, it is part of our DNA.Through our brands [&hellip;]<\/p>\n","protected":false},"author":1,"featured_media":2487,"parent":0,"menu_order":0,"comment_status":"closed","ping_status":"closed","template":"","meta":{"site-sidebar-layout":"no-sidebar","site-content-layout":"","ast-site-content-layout":"full-width-container","site-content-style":"default","site-sidebar-style":"default","ast-global-header-display":"","ast-banner-title-visibility":"","ast-main-header-display":"","ast-hfb-above-header-display":"","ast-hfb-below-header-display":"","ast-hfb-mobile-header-display":"","site-post-title":"disabled","ast-breadcrumbs-content":"","ast-featured-img":"disabled","footer-sml-layout":"","ast-disable-related-posts":"","theme-transparent-header-meta":"default","adv-header-id-meta":"","stick-header-meta":"default","header-above-stick-meta":"","header-main-stick-meta":"","header-below-stick-meta":"","astra-migrate-meta-layouts":"set","ast-page-background-enabled":"default","ast-page-background-meta":{"desktop":{"background-color":"var(--ast-global-color-5)","background-image":"","background-repeat":"repeat","background-position":"center center","background-size":"auto","background-attachment":"scroll","background-type":"","background-media":"","overlay-type":"","overlay-color":"","overlay-opacity":"","overlay-gradient":""},"tablet":{"background-color":"","background-image":"","background-repeat":"repeat","background-position":"center center","background-size":"auto","background-attachment":"scroll","background-type":"","background-media":"","overlay-type":"","overlay-color":"","overlay-opacity":"","overlay-gradient":""},"mobile":{"background-color":"","background-image":"","background-repeat":"repeat","background-position":"center center","background-size":"auto","background-attachment":"scroll","background-type":"","background-media":"","overlay-type":"","overlay-color":"","overlay-opacity":"","overlay-gradient":""}},"ast-content-background-meta":{"desktop":{"background-color":"var(--ast-global-color-4)","background-image":"","background-repeat":"repeat","background-position":"center center","background-size":"auto","background-attachment":"scroll","background-type":"","background-media":"","overlay-type":"","overlay-color":"","overlay-opacity":"","overlay-gradient":""},"tablet":{"background-color":"var(--ast-global-color-4)","background-image":"","background-repeat":"repeat","background-position":"center center","background-size":"auto","background-attachment":"scroll","background-type":"","background-media":"","overlay-type":"","overlay-color":"","overlay-opacity":"","overlay-gradient":""},"mobile":{"background-color":"var(--ast-global-color-4)","background-image":"","background-repeat":"repeat","background-position":"center center","background-size":"auto","background-attachment":"scroll","background-type":"","background-media":"","overlay-type":"","overlay-color":"","overlay-opacity":"","overlay-gradient":""}},"footnotes":""},"class_list":["post-2005","page","type-page","status-publish","has-post-thumbnail","hentry"],"_links":{"self":[{"href":"https:\/\/kettanigroupe.com\/fr\/wp-json\/wp\/v2\/pages\/2005","targetHints":{"allow":["GET"]}}],"collection":[{"href":"https:\/\/kettanigroupe.com\/fr\/wp-json\/wp\/v2\/pages"}],"about":[{"href":"https:\/\/kettanigroupe.com\/fr\/wp-json\/wp\/v2\/types\/page"}],"author":[{"embeddable":true,"href":"https:\/\/kettanigroupe.com\/fr\/wp-json\/wp\/v2\/users\/1"}],"replies":[{"embeddable":true,"href":"https:\/\/kettanigroupe.com\/fr\/wp-json\/wp\/v2\/comments?post=2005"}],"version-history":[{"count":27,"href":"https:\/\/kettanigroupe.com\/fr\/wp-json\/wp\/v2\/pages\/2005\/revisions"}],"predecessor-version":[{"id":2559,"href":"https:\/\/kettanigroupe.com\/fr\/wp-json\/wp\/v2\/pages\/2005\/revisions\/2559"}],"wp:featuredmedia":[{"embeddable":true,"href":"https:\/\/kettanigroupe.com\/fr\/wp-json\/wp\/v2\/media\/2487"}],"wp:attachment":[{"href":"https:\/\/kettanigroupe.com\/fr\/wp-json\/wp\/v2\/media?parent=2005"}],"curies":[{"name":"wp","href":"https:\/\/api.w.org\/{rel}","templated":true}]}}