{"id":2027,"date":"2026-01-06T16:22:25","date_gmt":"2026-01-06T16:22:25","guid":{"rendered":"https:\/\/kettanigroupe.com\/?page_id=2027"},"modified":"2026-02-27T15:22:40","modified_gmt":"2026-02-27T15:22:40","slug":"community-and-local-partnerships","status":"publish","type":"page","link":"https:\/\/kettanigroupe.com\/fr\/community-and-local-partnerships\/","title":{"rendered":"Community And Local Partnerships"},"content":{"rendered":"<div data-elementor-type=\"wp-page\" data-elementor-id=\"2027\" class=\"elementor elementor-2027\">\n\t\t\t\t<div class=\"elementor-element elementor-element-7ff2f88e e-flex e-con-boxed e-con e-parent\" data-id=\"7ff2f88e\" data-element_type=\"container\" data-e-type=\"container\" data-settings=\"{&quot;background_background&quot;:&quot;classic&quot;}\">\n\t\t\t\t\t<div class=\"e-con-inner\">\n\t\t\t\t<div class=\"elementor-element elementor-element-62c35eb5 elementor-widget elementor-widget-heading\" data-id=\"62c35eb5\" data-element_type=\"widget\" data-e-type=\"widget\" data-widget_type=\"heading.default\">\n\t\t\t\t<div class=\"elementor-widget-container\">\n\t\t\t\t\t<h1 class=\"elementor-heading-title elementor-size-default\">Partenariats communautaires et locaux<\/h1>\t\t\t\t<\/div>\n\t\t\t\t<\/div>\n\t\t\t\t<div class=\"elementor-element elementor-element-6e1c90bc elementor-widget elementor-widget-text-editor\" data-id=\"6e1c90bc\" data-element_type=\"widget\" data-e-type=\"widget\" data-widget_type=\"text-editor.default\">\n\t\t\t\t<div class=\"elementor-widget-container\">\n\t\t\t\t\t\t\t\t\t<p><a href=\"https:\/\/kettanigroupe.com\/fr\/about-kettani-group\/\">Kettani Group<\/a> believes strong communities build strong businesses.<br data-start=\"1719\" data-end=\"1722\" \/>Nous travaillons main dans la main avec des partenaires locaux afin de cr\u00e9er de la valeur partag\u00e9e dans toutes les r\u00e9gions o\u00f9 nous sommes pr\u00e9sents.<\/p>\t\t\t\t\t\t\t\t<\/div>\n\t\t\t\t<\/div>\n\t\t\t\t<div class=\"elementor-element elementor-element-53e39788 elementor-widget elementor-widget-image\" data-id=\"53e39788\" data-element_type=\"widget\" data-e-type=\"widget\" data-widget_type=\"image.default\">\n\t\t\t\t<div class=\"elementor-widget-container\">\n\t\t\t\t\t\t\t\t\t\t\t\t\t\t\t<img fetchpriority=\"high\" decoding=\"async\" width=\"1024\" height=\"1536\" src=\"https:\/\/kettanigroupe.com\/wp-content\/uploads\/2026\/01\/20260106_1733_Moroccan-Cooperative-Scene_remix_01kea2dr72ebw8gna9130vj913.png\" class=\"attachment-full size-full wp-image-2033\" alt=\"20260106 1733 moroccan cooperative scene remix 01kea2dr72ebw8gna9130vj913\" srcset=\"https:\/\/kettanigroupe.com\/wp-content\/uploads\/2026\/01\/20260106_1733_Moroccan-Cooperative-Scene_remix_01kea2dr72ebw8gna9130vj913.png 1024w, https:\/\/kettanigroupe.com\/wp-content\/uploads\/2026\/01\/20260106_1733_Moroccan-Cooperative-Scene_remix_01kea2dr72ebw8gna9130vj913-200x300.png 200w, https:\/\/kettanigroupe.com\/wp-content\/uploads\/2026\/01\/20260106_1733_Moroccan-Cooperative-Scene_remix_01kea2dr72ebw8gna9130vj913-683x1024.png 683w, https:\/\/kettanigroupe.com\/wp-content\/uploads\/2026\/01\/20260106_1733_Moroccan-Cooperative-Scene_remix_01kea2dr72ebw8gna9130vj913-768x1152.png 768w\" sizes=\"(max-width: 1024px) 100vw, 1024px\" \/>\t\t\t\t\t\t\t\t\t\t\t\t\t\t\t<\/div>\n\t\t\t\t<\/div>\n\t\t\t\t\t<\/div>\n\t\t\t\t<\/div>\n\t\t<div class=\"elementor-element elementor-element-5b0a0cb0 e-flex e-con-boxed e-con e-parent\" data-id=\"5b0a0cb0\" data-element_type=\"container\" data-e-type=\"container\">\n\t\t\t\t\t<div class=\"e-con-inner\">\n\t\t<div class=\"elementor-element elementor-element-e1c6a e-con-full e-flex e-con e-child\" data-id=\"e1c6a\" data-element_type=\"container\" data-e-type=\"container\">\n\t\t\t\t<div class=\"elementor-element elementor-element-fc70260 elementor-widget elementor-widget-heading\" data-id=\"fc70260\" data-element_type=\"widget\" data-e-type=\"widget\" data-widget_type=\"heading.default\">\n\t\t\t\t<div class=\"elementor-widget-container\">\n\t\t\t\t\t<h2 class=\"elementor-heading-title elementor-size-default\">Travailler avec les coop\u00e9ratives locales<\/h2>\t\t\t\t<\/div>\n\t\t\t\t<\/div>\n\t\t\t\t<div class=\"elementor-element elementor-element-455513d elementor-widget elementor-widget-text-editor\" data-id=\"455513d\" data-element_type=\"widget\" data-e-type=\"widget\" data-widget_type=\"text-editor.default\">\n\t\t\t\t<div class=\"elementor-widget-container\">\n\t\t\t\t\t\t\t\t\t<p data-start=\"1865\" data-end=\"2064\">Nous soutenons les coop\u00e9ratives de femmes, les groupes d'artisans et les entreprises locales en int\u00e9grant leur travail dans nos cha\u00eenes d'approvisionnement et nos concepts de vente au d\u00e9tail, en particulier dans les r\u00e9gions entourant les grandes villes marocaines.<\/p><h6 data-start=\"2071\" data-end=\"2109\"><strong data-start=\"2075\" data-end=\"2109\">Impact r\u00e9gional \u00e0 travers le Maroc<\/strong><\/h6><p data-start=\"2110\" data-end=\"2266\">Nos partenariats s'\u00e9tendent \u00e0 plusieurs villes et r\u00e9gions, contribuant ainsi au d\u00e9veloppement \u00e9conomique local tout en respectant les identit\u00e9s r\u00e9gionales et les styles artisanaux.<\/p><h6 data-start=\"2273\" data-end=\"2303\"><strong data-start=\"2277\" data-end=\"2303\">Partenariats \u00e0 long terme<\/strong><\/h6><p data-start=\"2304\" data-end=\"2477\">Plut\u00f4t que de nous concentrer sur l'approvisionnement \u00e0 court terme, nous privil\u00e9gions <strong data-start=\"2349\" data-end=\"2377\">collaborations \u00e0 long terme<\/strong>, permettant aux partenaires de cro\u00eetre r\u00e9guli\u00e8rement, d'am\u00e9liorer leurs capacit\u00e9s de production et d'acc\u00e9der \u00e0 de nouvelles opportunit\u00e9s.<\/p><h6 data-start=\"2484\" data-end=\"2515\"><strong data-start=\"2488\" data-end=\"2515\">Valorisation des talents locaux<\/strong><\/h6><p data-start=\"2516\" data-end=\"2569\">Au-del\u00e0 de l'artisanat, nous investissons dans l'emploi local en :<\/p><ul data-start=\"2570\" data-end=\"2710\"><li data-start=\"2570\" data-end=\"2605\"><p data-start=\"2572\" data-end=\"2605\">Recrutement et formation d'\u00e9quipes locales<\/p><\/li><li data-start=\"2606\" data-end=\"2661\"><p data-start=\"2608\" data-end=\"2661\">Encourager le d\u00e9veloppement des comp\u00e9tences au sein de nos op\u00e9rations<\/p><\/li><li data-start=\"2662\" data-end=\"2710\"><p data-start=\"2664\" data-end=\"2710\">Promouvoir le leadership au sein des communaut\u00e9s<\/p><\/li><\/ul><p data-start=\"2516\" data-end=\"2569\">\u00a0<\/p>\t\t\t\t\t\t\t\t<\/div>\n\t\t\t\t<\/div>\n\t\t\t\t<\/div>\n\t\t<div class=\"elementor-element elementor-element-1867ad90 e-con-full e-flex e-con e-child\" data-id=\"1867ad90\" data-element_type=\"container\" data-e-type=\"container\">\n\t\t\t\t<div class=\"elementor-element elementor-element-53c03a5d elementor-widget elementor-widget-image\" data-id=\"53c03a5d\" data-element_type=\"widget\" data-e-type=\"widget\" data-widget_type=\"image.default\">\n\t\t\t\t<div class=\"elementor-widget-container\">\n\t\t\t\t\t\t\t\t\t\t\t\t\t\t\t<img decoding=\"async\" width=\"683\" height=\"1024\" src=\"https:\/\/kettanigroupe.com\/wp-content\/uploads\/2026\/01\/20260106_1737_Moroccan-Cooperative-Market_remix_01kea2nmpwfjqvcxa65c3146fp-683x1024.png\" class=\"attachment-large size-large wp-image-2037\" alt=\"20260106 1737 moroccan cooperative market remix 01kea2nmpwfjqvcxa65c3146fp\" srcset=\"https:\/\/kettanigroupe.com\/wp-content\/uploads\/2026\/01\/20260106_1737_Moroccan-Cooperative-Market_remix_01kea2nmpwfjqvcxa65c3146fp-683x1024.png 683w, https:\/\/kettanigroupe.com\/wp-content\/uploads\/2026\/01\/20260106_1737_Moroccan-Cooperative-Market_remix_01kea2nmpwfjqvcxa65c3146fp-200x300.png 200w, https:\/\/kettanigroupe.com\/wp-content\/uploads\/2026\/01\/20260106_1737_Moroccan-Cooperative-Market_remix_01kea2nmpwfjqvcxa65c3146fp-768x1152.png 768w, https:\/\/kettanigroupe.com\/wp-content\/uploads\/2026\/01\/20260106_1737_Moroccan-Cooperative-Market_remix_01kea2nmpwfjqvcxa65c3146fp.png 1024w\" sizes=\"(max-width: 683px) 100vw, 683px\" \/>\t\t\t\t\t\t\t\t\t\t\t\t\t\t\t<\/div>\n\t\t\t\t<\/div>\n\t\t\t\t<\/div>\n\t\t\t\t\t<\/div>\n\t\t\t\t<\/div>\n\t\t\t\t<\/div>","protected":false},"excerpt":{"rendered":"<p>Community &amp; Local Partnerships Kettani Group believes strong communities build strong businesses.We work hand-in-hand with local partners to create shared [&hellip;]<\/p>\n","protected":false},"author":1,"featured_media":2481,"parent":0,"menu_order":0,"comment_status":"closed","ping_status":"closed","template":"","meta":{"site-sidebar-layout":"no-sidebar","site-content-layout":"","ast-site-content-layout":"full-width-container","site-content-style":"default","site-sidebar-style":"default","ast-global-header-display":"","ast-banner-title-visibility":"","ast-main-header-display":"","ast-hfb-above-header-display":"","ast-hfb-below-header-display":"","ast-hfb-mobile-header-display":"","site-post-title":"disabled","ast-breadcrumbs-content":"","ast-featured-img":"disabled","footer-sml-layout":"","ast-disable-related-posts":"","theme-transparent-header-meta":"default","adv-header-id-meta":"","stick-header-meta":"default","header-above-stick-meta":"","header-main-stick-meta":"","header-below-stick-meta":"","astra-migrate-meta-layouts":"set","ast-page-background-enabled":"default","ast-page-background-meta":{"desktop":{"background-color":"var(--ast-global-color-5)","background-image":"","background-repeat":"repeat","background-position":"center center","background-size":"auto","background-attachment":"scroll","background-type":"","background-media":"","overlay-type":"","overlay-color":"","overlay-opacity":"","overlay-gradient":""},"tablet":{"background-color":"","background-image":"","background-repeat":"repeat","background-position":"center center","background-size":"auto","background-attachment":"scroll","background-type":"","background-media":"","overlay-type":"","overlay-color":"","overlay-opacity":"","overlay-gradient":""},"mobile":{"background-color":"","background-image":"","background-repeat":"repeat","background-position":"center center","background-size":"auto","background-attachment":"scroll","background-type":"","background-media":"","overlay-type":"","overlay-color":"","overlay-opacity":"","overlay-gradient":""}},"ast-content-background-meta":{"desktop":{"background-color":"var(--ast-global-color-4)","background-image":"","background-repeat":"repeat","background-position":"center center","background-size":"auto","background-attachment":"scroll","background-type":"","background-media":"","overlay-type":"","overlay-color":"","overlay-opacity":"","overlay-gradient":""},"tablet":{"background-color":"var(--ast-global-color-4)","background-image":"","background-repeat":"repeat","background-position":"center center","background-size":"auto","background-attachment":"scroll","background-type":"","background-media":"","overlay-type":"","overlay-color":"","overlay-opacity":"","overlay-gradient":""},"mobile":{"background-color":"var(--ast-global-color-4)","background-image":"","background-repeat":"repeat","background-position":"center center","background-size":"auto","background-attachment":"scroll","background-type":"","background-media":"","overlay-type":"","overlay-color":"","overlay-opacity":"","overlay-gradient":""}},"footnotes":""},"class_list":["post-2027","page","type-page","status-publish","has-post-thumbnail","hentry"],"_links":{"self":[{"href":"https:\/\/kettanigroupe.com\/fr\/wp-json\/wp\/v2\/pages\/2027","targetHints":{"allow":["GET"]}}],"collection":[{"href":"https:\/\/kettanigroupe.com\/fr\/wp-json\/wp\/v2\/pages"}],"about":[{"href":"https:\/\/kettanigroupe.com\/fr\/wp-json\/wp\/v2\/types\/page"}],"author":[{"embeddable":true,"href":"https:\/\/kettanigroupe.com\/fr\/wp-json\/wp\/v2\/users\/1"}],"replies":[{"embeddable":true,"href":"https:\/\/kettanigroupe.com\/fr\/wp-json\/wp\/v2\/comments?post=2027"}],"version-history":[{"count":21,"href":"https:\/\/kettanigroupe.com\/fr\/wp-json\/wp\/v2\/pages\/2027\/revisions"}],"predecessor-version":[{"id":2560,"href":"https:\/\/kettanigroupe.com\/fr\/wp-json\/wp\/v2\/pages\/2027\/revisions\/2560"}],"wp:featuredmedia":[{"embeddable":true,"href":"https:\/\/kettanigroupe.com\/fr\/wp-json\/wp\/v2\/media\/2481"}],"wp:attachment":[{"href":"https:\/\/kettanigroupe.com\/fr\/wp-json\/wp\/v2\/media?parent=2027"}],"curies":[{"name":"wp","href":"https:\/\/api.w.org\/{rel}","templated":true}]}}