{"id":2044,"date":"2026-01-06T16:40:28","date_gmt":"2026-01-06T16:40:28","guid":{"rendered":"https:\/\/kettanigroupe.com\/?page_id=2044"},"modified":"2026-02-27T15:23:57","modified_gmt":"2026-02-27T15:23:57","slug":"kettani-group-sustainability","status":"publish","type":"page","link":"https:\/\/kettanigroupe.com\/fr\/kettani-group-sustainability\/","title":{"rendered":"Kettani Group sustainability"},"content":{"rendered":"<div data-elementor-type=\"wp-page\" data-elementor-id=\"2044\" class=\"elementor elementor-2044\">\n\t\t\t\t<div class=\"elementor-element elementor-element-1011055b e-flex e-con-boxed e-con e-parent\" data-id=\"1011055b\" data-element_type=\"container\" data-e-type=\"container\" data-settings=\"{&quot;background_background&quot;:&quot;classic&quot;}\">\n\t\t\t\t\t<div class=\"e-con-inner\">\n\t\t\t\t<div class=\"elementor-element elementor-element-513bc625 elementor-widget elementor-widget-heading\" data-id=\"513bc625\" data-element_type=\"widget\" data-e-type=\"widget\" data-widget_type=\"heading.default\">\n\t\t\t\t<div class=\"elementor-widget-container\">\n\t\t\t\t\t<h1 class=\"elementor-heading-title elementor-size-default\">Durabilit\u00e9<\/h1>\t\t\t\t<\/div>\n\t\t\t\t<\/div>\n\t\t\t\t<div class=\"elementor-element elementor-element-584898ad elementor-widget elementor-widget-text-editor\" data-id=\"584898ad\" data-element_type=\"widget\" data-e-type=\"widget\" data-widget_type=\"text-editor.default\">\n\t\t\t\t<div class=\"elementor-widget-container\">\n\t\t\t\t\t\t\t\t\t<p data-start=\"2762\" data-end=\"2882\">Sustainability at <a href=\"https:\/\/kettanigroupe.com\/fr\/about-kettani-group\/\">Kettani Group<\/a> means balancing growth with responsibility, Towards people, culture, and the environment.<\/p>\t\t\t\t\t\t\t\t<\/div>\n\t\t\t\t<\/div>\n\t\t\t\t<div class=\"elementor-element elementor-element-5105e182 elementor-widget elementor-widget-image\" data-id=\"5105e182\" data-element_type=\"widget\" data-e-type=\"widget\" data-widget_type=\"image.default\">\n\t\t\t\t<div class=\"elementor-widget-container\">\n\t\t\t\t\t\t\t\t\t\t\t\t\t\t\t<img fetchpriority=\"high\" decoding=\"async\" width=\"1707\" height=\"2560\" src=\"https:\/\/kettanigroupe.com\/wp-content\/uploads\/2026\/01\/kiwi-scaled.jpg\" class=\"attachment-full size-full wp-image-2047\" alt=\"Kettani Group Sustainability\" srcset=\"https:\/\/kettanigroupe.com\/wp-content\/uploads\/2026\/01\/kiwi-scaled.jpg.webp 1707w, https:\/\/kettanigroupe.com\/wp-content\/uploads\/2026\/01\/kiwi-200x300.jpg.webp 200w, https:\/\/kettanigroupe.com\/wp-content\/uploads\/2026\/01\/kiwi-683x1024.jpg.webp 683w, https:\/\/kettanigroupe.com\/wp-content\/uploads\/2026\/01\/kiwi-768x1152.jpg.webp 768w, https:\/\/kettanigroupe.com\/wp-content\/uploads\/2026\/01\/kiwi-1024x1536.jpg.webp 1024w, https:\/\/kettanigroupe.com\/wp-content\/uploads\/2026\/01\/kiwi-1365x2048.jpg.webp 1365w\" sizes=\"(max-width: 1707px) 100vw, 1707px\" \/>\t\t\t\t\t\t\t\t\t\t\t\t\t\t\t<\/div>\n\t\t\t\t<\/div>\n\t\t\t\t\t<\/div>\n\t\t\t\t<\/div>\n\t\t<div class=\"elementor-element elementor-element-27b5316a e-flex e-con-boxed e-con e-parent\" data-id=\"27b5316a\" data-element_type=\"container\" data-e-type=\"container\">\n\t\t\t\t\t<div class=\"e-con-inner\">\n\t\t<div class=\"elementor-element elementor-element-647f2476 e-con-full e-flex e-con e-child\" data-id=\"647f2476\" data-element_type=\"container\" data-e-type=\"container\">\n\t\t\t\t<div class=\"elementor-element elementor-element-1fe6aac6 elementor-widget elementor-widget-heading\" data-id=\"1fe6aac6\" data-element_type=\"widget\" data-e-type=\"widget\" data-widget_type=\"heading.default\">\n\t\t\t\t<div class=\"elementor-widget-container\">\n\t\t\t\t\t<h2 class=\"elementor-heading-title elementor-size-default\">Approvisionnement responsable<\/h2>\t\t\t\t<\/div>\n\t\t\t\t<\/div>\n\t\t\t\t<div class=\"elementor-element elementor-element-3015ac6 elementor-widget elementor-widget-text-editor\" data-id=\"3015ac6\" data-element_type=\"widget\" data-e-type=\"widget\" data-widget_type=\"text-editor.default\">\n\t\t\t\t<div class=\"elementor-widget-container\">\n\t\t\t\t\t\t\t\t\t<p data-start=\"2918\" data-end=\"3072\">Nous privil\u00e9gions les mat\u00e9riaux naturels, les proc\u00e9d\u00e9s traditionnels et l'approvisionnement local dans la mesure du possible, afin de r\u00e9duire l'impact environnemental tout en pr\u00e9servant l'authenticit\u00e9.<\/p><h6 data-start=\"3079\" data-end=\"3115\"><strong data-start=\"3083\" data-end=\"3115\">Pratiques de production \u00e9thiques<\/strong><\/h6><p data-start=\"3116\" data-end=\"3260\">Nos partenariats sont guid\u00e9s par des normes \u00e9thiques qui favorisent des conditions de travail \u00e9quitables, le respect des artisans et des volumes de production responsables.<\/p><h6 data-start=\"3267\" data-end=\"3311\"><strong data-start=\"3271\" data-end=\"3311\">Pratiques circulaires<\/strong><\/h6><p data-start=\"3312\" data-end=\"3371\">Certaines de nos marques int\u00e8grent des initiatives circulaires, telles que :<\/p><ul data-start=\"3372\" data-end=\"3481\"><li data-start=\"3372\" data-end=\"3399\"><p data-start=\"3374\" data-end=\"3399\">R\u00e9utilisation des chutes de tissu<\/p><\/li><li data-start=\"3400\" data-end=\"3453\"><p data-start=\"3402\" data-end=\"3453\">Transformer les mat\u00e9riaux restants en nouveaux produits<\/p><\/li><\/ul>\t\t\t\t\t\t\t\t<\/div>\n\t\t\t\t<\/div>\n\t\t\t\t<\/div>\n\t\t<div class=\"elementor-element elementor-element-11a7cb93 e-con-full e-flex e-con e-child\" data-id=\"11a7cb93\" data-element_type=\"container\" data-e-type=\"container\">\n\t\t\t\t<div class=\"elementor-element elementor-element-588f7983 elementor-widget elementor-widget-image\" data-id=\"588f7983\" data-element_type=\"widget\" data-e-type=\"widget\" data-widget_type=\"image.default\">\n\t\t\t\t<div class=\"elementor-widget-container\">\n\t\t\t\t\t\t\t\t\t\t\t\t\t\t\t<img decoding=\"async\" width=\"684\" height=\"1024\" src=\"https:\/\/kettanigroupe.com\/wp-content\/uploads\/2026\/01\/arrangement-jojoba-oil-bottle-684x1024.jpg\" class=\"attachment-large size-large wp-image-2048\" alt=\"arrangement jojoba oil bottle\" srcset=\"https:\/\/kettanigroupe.com\/wp-content\/uploads\/2026\/01\/arrangement-jojoba-oil-bottle-684x1024.jpg.webp 684w, https:\/\/kettanigroupe.com\/wp-content\/uploads\/2026\/01\/arrangement-jojoba-oil-bottle-200x300.jpg.webp 200w, https:\/\/kettanigroupe.com\/wp-content\/uploads\/2026\/01\/arrangement-jojoba-oil-bottle-768x1150.jpg.webp 768w, https:\/\/kettanigroupe.com\/wp-content\/uploads\/2026\/01\/arrangement-jojoba-oil-bottle-1025x1536.jpg.webp 1025w, https:\/\/kettanigroupe.com\/wp-content\/uploads\/2026\/01\/arrangement-jojoba-oil-bottle-1367x2048.jpg.webp 1367w, https:\/\/kettanigroupe.com\/wp-content\/uploads\/2026\/01\/arrangement-jojoba-oil-bottle-scaled.jpg.webp 1709w\" sizes=\"(max-width: 684px) 100vw, 684px\" \/>\t\t\t\t\t\t\t\t\t\t\t\t\t\t\t<\/div>\n\t\t\t\t<\/div>\n\t\t\t\t<\/div>\n\t\t\t\t\t<\/div>\n\t\t\t\t<\/div>\n\t\t<div class=\"elementor-element elementor-element-3b2379eb e-flex e-con-boxed e-con e-parent\" data-id=\"3b2379eb\" data-element_type=\"container\" data-e-type=\"container\" data-settings=\"{&quot;background_background&quot;:&quot;classic&quot;}\">\n\t\t\t\t\t<div class=\"e-con-inner\">\n\t\t\t\t<div class=\"elementor-element elementor-element-1bce2463 elementor-widget elementor-widget-heading\" data-id=\"1bce2463\" data-element_type=\"widget\" data-e-type=\"widget\" data-widget_type=\"heading.default\">\n\t\t\t\t<div class=\"elementor-widget-container\">\n\t\t\t\t\t<h4 class=\"elementor-heading-title elementor-size-default\">Qualit\u00e9 - Fiabilit\u00e9 - Am\u00e9lioration continue<\/h4>\t\t\t\t<\/div>\n\t\t\t\t<\/div>\n\t\t\t\t<div class=\"elementor-element elementor-element-19408d40 elementor-widget elementor-widget-text-editor\" data-id=\"19408d40\" data-element_type=\"widget\" data-e-type=\"widget\" data-widget_type=\"text-editor.default\">\n\t\t\t\t<div class=\"elementor-widget-container\">\n\t\t\t\t\t\t\t\t\t<p data-start=\"3529\" data-end=\"3707\">In <strong data-start=\"3532\" data-end=\"3582\">2025, <a href=\"https:\/\/kettanigroupe.com\/fr\/\">Kettani Group<\/a> achieved ISO certification<\/strong>, renfor\u00e7ant ainsi notre engagement en faveur de la gestion de la qualit\u00e9, de l'excellence op\u00e9rationnelle et de l'am\u00e9lioration continue dans toutes nos activit\u00e9s.<\/p>\t\t\t\t\t\t\t\t<\/div>\n\t\t\t\t<\/div>\n\t\t\t\t\t<\/div>\n\t\t\t\t<\/div>\n\t\t\t\t<\/div>","protected":false},"excerpt":{"rendered":"<p>Sustainability &amp; Ethics Sustainability at Kettani Group means balancing growth with responsibility, Towards people, culture, and the environment. Responsible Sourcing [&hellip;]<\/p>\n","protected":false},"author":1,"featured_media":2047,"parent":0,"menu_order":0,"comment_status":"closed","ping_status":"closed","template":"","meta":{"site-sidebar-layout":"no-sidebar","site-content-layout":"","ast-site-content-layout":"full-width-container","site-content-style":"default","site-sidebar-style":"default","ast-global-header-display":"","ast-banner-title-visibility":"","ast-main-header-display":"","ast-hfb-above-header-display":"","ast-hfb-below-header-display":"","ast-hfb-mobile-header-display":"","site-post-title":"disabled","ast-breadcrumbs-content":"","ast-featured-img":"disabled","footer-sml-layout":"","ast-disable-related-posts":"","theme-transparent-header-meta":"default","adv-header-id-meta":"","stick-header-meta":"default","header-above-stick-meta":"","header-main-stick-meta":"","header-below-stick-meta":"","astra-migrate-meta-layouts":"set","ast-page-background-enabled":"default","ast-page-background-meta":{"desktop":{"background-color":"var(--ast-global-color-5)","background-image":"","background-repeat":"repeat","background-position":"center center","background-size":"auto","background-attachment":"scroll","background-type":"","background-media":"","overlay-type":"","overlay-color":"","overlay-opacity":"","overlay-gradient":""},"tablet":{"background-color":"","background-image":"","background-repeat":"repeat","background-position":"center center","background-size":"auto","background-attachment":"scroll","background-type":"","background-media":"","overlay-type":"","overlay-color":"","overlay-opacity":"","overlay-gradient":""},"mobile":{"background-color":"","background-image":"","background-repeat":"repeat","background-position":"center center","background-size":"auto","background-attachment":"scroll","background-type":"","background-media":"","overlay-type":"","overlay-color":"","overlay-opacity":"","overlay-gradient":""}},"ast-content-background-meta":{"desktop":{"background-color":"var(--ast-global-color-4)","background-image":"","background-repeat":"repeat","background-position":"center center","background-size":"auto","background-attachment":"scroll","background-type":"","background-media":"","overlay-type":"","overlay-color":"","overlay-opacity":"","overlay-gradient":""},"tablet":{"background-color":"var(--ast-global-color-4)","background-image":"","background-repeat":"repeat","background-position":"center center","background-size":"auto","background-attachment":"scroll","background-type":"","background-media":"","overlay-type":"","overlay-color":"","overlay-opacity":"","overlay-gradient":""},"mobile":{"background-color":"var(--ast-global-color-4)","background-image":"","background-repeat":"repeat","background-position":"center center","background-size":"auto","background-attachment":"scroll","background-type":"","background-media":"","overlay-type":"","overlay-color":"","overlay-opacity":"","overlay-gradient":""}},"footnotes":""},"class_list":["post-2044","page","type-page","status-publish","has-post-thumbnail","hentry"],"_links":{"self":[{"href":"https:\/\/kettanigroupe.com\/fr\/wp-json\/wp\/v2\/pages\/2044","targetHints":{"allow":["GET"]}}],"collection":[{"href":"https:\/\/kettanigroupe.com\/fr\/wp-json\/wp\/v2\/pages"}],"about":[{"href":"https:\/\/kettanigroupe.com\/fr\/wp-json\/wp\/v2\/types\/page"}],"author":[{"embeddable":true,"href":"https:\/\/kettanigroupe.com\/fr\/wp-json\/wp\/v2\/users\/1"}],"replies":[{"embeddable":true,"href":"https:\/\/kettanigroupe.com\/fr\/wp-json\/wp\/v2\/comments?post=2044"}],"version-history":[{"count":23,"href":"https:\/\/kettanigroupe.com\/fr\/wp-json\/wp\/v2\/pages\/2044\/revisions"}],"predecessor-version":[{"id":2562,"href":"https:\/\/kettanigroupe.com\/fr\/wp-json\/wp\/v2\/pages\/2044\/revisions\/2562"}],"wp:featuredmedia":[{"embeddable":true,"href":"https:\/\/kettanigroupe.com\/fr\/wp-json\/wp\/v2\/media\/2047"}],"wp:attachment":[{"href":"https:\/\/kettanigroupe.com\/fr\/wp-json\/wp\/v2\/media?parent=2044"}],"curies":[{"name":"wp","href":"https:\/\/api.w.org\/{rel}","templated":true}]}}