{"id":2133,"date":"2026-01-07T17:31:58","date_gmt":"2026-01-07T17:31:58","guid":{"rendered":"https:\/\/kettanigroupe.com\/?page_id=2133"},"modified":"2026-02-27T15:28:00","modified_gmt":"2026-02-27T15:28:00","slug":"brakett-clothing-brand","status":"publish","type":"page","link":"https:\/\/kettanigroupe.com\/fr\/brakett-clothing-brand\/","title":{"rendered":"Brakett clothing brand"},"content":{"rendered":"<div data-elementor-type=\"wp-page\" data-elementor-id=\"2133\" class=\"elementor elementor-2133\">\n\t\t\t\t<div class=\"elementor-element elementor-element-b7592bb e-flex e-con-boxed e-con e-parent\" data-id=\"b7592bb\" data-element_type=\"container\" data-e-type=\"container\" data-settings=\"{&quot;background_background&quot;:&quot;classic&quot;}\">\n\t\t\t\t\t<div class=\"e-con-inner\">\n\t\t<div class=\"elementor-element elementor-element-2a2e5a86 e-con-full e-flex e-con e-child\" data-id=\"2a2e5a86\" data-element_type=\"container\" data-e-type=\"container\">\n\t\t\t\t<div class=\"elementor-element elementor-element-30f9823a elementor-widget elementor-widget-heading\" data-id=\"30f9823a\" data-element_type=\"widget\" data-e-type=\"widget\" data-widget_type=\"heading.default\">\n\t\t\t\t<div class=\"elementor-widget-container\">\n\t\t\t\t\t<h1 class=\"elementor-heading-title elementor-size-default\">Brakett<\/h1>\t\t\t\t<\/div>\n\t\t\t\t<\/div>\n\t\t\t\t<div class=\"elementor-element elementor-element-6b6f1c71 elementor-widget elementor-widget-text-editor\" data-id=\"6b6f1c71\" data-element_type=\"widget\" data-e-type=\"widget\" data-widget_type=\"text-editor.default\">\n\t\t\t\t<div class=\"elementor-widget-container\">\n\t\t\t\t\t\t\t\t\t<p>Brakett est une marque marocaine proposant une <strong data-start=\"724\" data-end=\"787\">large gamme de v\u00eatements et d'accessoires pour hommes et femmes<\/strong>, profond\u00e9ment inspir\u00e9 par la culture du pays.<\/p>\t\t\t\t\t\t\t\t<\/div>\n\t\t\t\t<\/div>\n\t\t\t\t<div class=\"elementor-element elementor-element-4d565fce elementor-shape-circle e-grid-align-left elementor-grid-tablet-0 e-grid-align-mobile-center elementor-grid-0 elementor-widget elementor-widget-social-icons\" data-id=\"4d565fce\" data-element_type=\"widget\" data-e-type=\"widget\" data-widget_type=\"social-icons.default\">\n\t\t\t\t<div class=\"elementor-widget-container\">\n\t\t\t\t\t\t\t<div class=\"elementor-social-icons-wrapper elementor-grid\" role=\"list\">\n\t\t\t\t\t\t\t<span class=\"elementor-grid-item\" role=\"listitem\">\n\t\t\t\t\t<a class=\"elementor-icon elementor-social-icon elementor-social-icon-instagram elementor-animation-grow elementor-repeater-item-a00d40c\" href=\"https:\/\/www.instagram.com\/brakett.official\" target=\"_blank\" rel=\"noopener\">\n\t\t\t\t\t\t<span class=\"elementor-screen-only\">Instagram<\/span>\n\t\t\t\t\t\t<svg aria-hidden=\"true\" class=\"e-font-icon-svg e-fab-instagram\" viewbox=\"0 0 448 512\" xmlns=\"http:\/\/www.w3.org\/2000\/svg\"><path d=\"M224.1 141c-63.6 0-114.9 51.3-114.9 114.9s51.3 114.9 114.9 114.9S339 319.5 339 255.9 287.7 141 224.1 141zm0 189.6c-41.1 0-74.7-33.5-74.7-74.7s33.5-74.7 74.7-74.7 74.7 33.5 74.7 74.7-33.6 74.7-74.7 74.7zm146.4-194.3c0 14.9-12 26.8-26.8 26.8-14.9 0-26.8-12-26.8-26.8s12-26.8 26.8-26.8 26.8 12 26.8 26.8zm76.1 27.2c-1.7-35.9-9.9-67.7-36.2-93.9-26.2-26.2-58-34.4-93.9-36.2-37-2.1-147.9-2.1-184.9 0-35.8 1.7-67.6 9.9-93.9 36.1s-34.4 58-36.2 93.9c-2.1 37-2.1 147.9 0 184.9 1.7 35.9 9.9 67.7 36.2 93.9s58 34.4 93.9 36.2c37 2.1 147.9 2.1 184.9 0 35.9-1.7 67.7-9.9 93.9-36.2 26.2-26.2 34.4-58 36.2-93.9 2.1-37 2.1-147.8 0-184.8zM398.8 388c-7.8 19.6-22.9 34.7-42.6 42.6-29.5 11.7-99.5 9-132.1 9s-102.7 2.6-132.1-9c-19.6-7.8-34.7-22.9-42.6-42.6-11.7-29.5-9-99.5-9-132.1s-2.6-102.7 9-132.1c7.8-19.6 22.9-34.7 42.6-42.6 29.5-11.7 99.5-9 132.1-9s102.7-2.6 132.1 9c19.6 7.8 34.7 22.9 42.6 42.6 11.7 29.5 9 99.5 9 132.1s2.7 102.7-9 132.1z\"><\/path><\/svg>\t\t\t\t\t<\/a>\n\t\t\t\t<\/span>\n\t\t\t\t\t\t\t<span class=\"elementor-grid-item\" role=\"listitem\">\n\t\t\t\t\t<a class=\"elementor-icon elementor-social-icon elementor-social-icon-facebook elementor-animation-grow elementor-repeater-item-1db9b46\" href=\"https:\/\/www.facebook.com\/brakettofficial\" target=\"_blank\" rel=\"noopener\">\n\t\t\t\t\t\t<span class=\"elementor-screen-only\">Facebook<\/span>\n\t\t\t\t\t\t<svg aria-hidden=\"true\" class=\"e-font-icon-svg e-fab-facebook\" viewbox=\"0 0 512 512\" xmlns=\"http:\/\/www.w3.org\/2000\/svg\"><path d=\"M504 256C504 119 393 8 256 8S8 119 8 256c0 123.78 90.69 226.38 209.25 245V327.69h-63V256h63v-54.64c0-62.15 37-96.48 93.67-96.48 27.14 0 55.52 4.84 55.52 4.84v61h-31.28c-30.8 0-40.41 19.12-40.41 38.73V256h68.78l-11 71.69h-57.78V501C413.31 482.38 504 379.78 504 256z\"><\/path><\/svg>\t\t\t\t\t<\/a>\n\t\t\t\t<\/span>\n\t\t\t\t\t<\/div>\n\t\t\t\t\t\t<\/div>\n\t\t\t\t<\/div>\n\t\t\t\t<\/div>\n\t\t<div class=\"elementor-element elementor-element-5d2a92b e-con-full e-flex e-con e-child\" data-id=\"5d2a92b\" data-element_type=\"container\" data-e-type=\"container\">\n\t\t\t\t<div class=\"elementor-element elementor-element-6696cce4 elementor-widget elementor-widget-image\" data-id=\"6696cce4\" data-element_type=\"widget\" data-e-type=\"widget\" data-widget_type=\"image.default\">\n\t\t\t\t<div class=\"elementor-widget-container\">\n\t\t\t\t\t\t\t\t\t\t\t\t\t\t\t<img fetchpriority=\"high\" decoding=\"async\" width=\"819\" height=\"1024\" src=\"https:\/\/kettanigroupe.com\/wp-content\/uploads\/2026\/01\/1757943358965-DSC_1743-819x1024.webp\" class=\"attachment-large size-large wp-image-2175\" alt=\"1757943358965 dsc 1743\" srcset=\"https:\/\/kettanigroupe.com\/wp-content\/uploads\/2026\/01\/1757943358965-DSC_1743-819x1024.webp 819w, https:\/\/kettanigroupe.com\/wp-content\/uploads\/2026\/01\/1757943358965-DSC_1743-240x300.webp 240w, https:\/\/kettanigroupe.com\/wp-content\/uploads\/2026\/01\/1757943358965-DSC_1743-768x960.webp 768w, https:\/\/kettanigroupe.com\/wp-content\/uploads\/2026\/01\/1757943358965-DSC_1743-1229x1536.webp 1229w, https:\/\/kettanigroupe.com\/wp-content\/uploads\/2026\/01\/1757943358965-DSC_1743-1638x2048.webp 1638w, https:\/\/kettanigroupe.com\/wp-content\/uploads\/2026\/01\/1757943358965-DSC_1743.webp 2000w\" sizes=\"(max-width: 819px) 100vw, 819px\" \/>\t\t\t\t\t\t\t\t\t\t\t\t\t\t\t<\/div>\n\t\t\t\t<\/div>\n\t\t\t\t<\/div>\n\t\t\t\t\t<\/div>\n\t\t\t\t<\/div>\n\t\t<div class=\"elementor-element elementor-element-67358ad e-flex e-con-boxed e-con e-parent\" data-id=\"67358ad\" data-element_type=\"container\" data-e-type=\"container\">\n\t\t\t\t\t<div class=\"e-con-inner\">\n\t\t\t\t<div class=\"elementor-element elementor-element-3709ba9c elementor-widget elementor-widget-heading\" data-id=\"3709ba9c\" data-element_type=\"widget\" data-e-type=\"widget\" data-widget_type=\"heading.default\">\n\t\t\t\t<div class=\"elementor-widget-container\">\n\t\t\t\t\t<h2 class=\"elementor-heading-title elementor-size-default\">Notre mission<\/h2>\t\t\t\t<\/div>\n\t\t\t\t<\/div>\n\t\t\t\t<div class=\"elementor-element elementor-element-3fa5c3a9 elementor-widget__width-initial elementor-widget elementor-widget-text-editor\" data-id=\"3fa5c3a9\" data-element_type=\"widget\" data-e-type=\"widget\" data-widget_type=\"text-editor.default\">\n\t\t\t\t<div class=\"elementor-widget-container\">\n\t\t\t\t\t\t\t\t\t<p>Fond\u00e9e en 2013, <strong data-start=\"897\" data-end=\"905\">2021<\/strong>La mission de Brakett est de <strong data-start=\"931\" data-end=\"996\">mettre en valeur les richesses artisanales, culturelles et traditionnelles du Maroc<\/strong> tout en pr\u00e9servant son patrimoine artistique. La marque s'efforce de mettre en valeur les motifs artistiques et architecturaux ancestraux, tels que <strong data-start=\"1158\" data-end=\"1197\">zellige, bois sculpt\u00e9 et arabesques<\/strong>\u2014\u00e0 travers des collections contemporaines<\/p>\t\t\t\t\t\t\t\t<\/div>\n\t\t\t\t<\/div>\n\t\t\t\t<div class=\"elementor-element elementor-element-3f4438d elementor-widget elementor-widget-image\" data-id=\"3f4438d\" data-element_type=\"widget\" data-e-type=\"widget\" data-widget_type=\"image.default\">\n\t\t\t\t<div class=\"elementor-widget-container\">\n\t\t\t\t\t\t\t\t\t\t\t\t\t\t\t<img decoding=\"async\" width=\"2000\" height=\"2500\" src=\"https:\/\/kettanigroupe.com\/wp-content\/uploads\/2026\/01\/1757949214650-DSC_1704.webp\" class=\"attachment-full size-full wp-image-2168\" alt=\"1757949214650 dsc 1704\" srcset=\"https:\/\/kettanigroupe.com\/wp-content\/uploads\/2026\/01\/1757949214650-DSC_1704.webp 2000w, https:\/\/kettanigroupe.com\/wp-content\/uploads\/2026\/01\/1757949214650-DSC_1704-240x300.webp 240w, https:\/\/kettanigroupe.com\/wp-content\/uploads\/2026\/01\/1757949214650-DSC_1704-819x1024.webp 819w, https:\/\/kettanigroupe.com\/wp-content\/uploads\/2026\/01\/1757949214650-DSC_1704-768x960.webp 768w, https:\/\/kettanigroupe.com\/wp-content\/uploads\/2026\/01\/1757949214650-DSC_1704-1229x1536.webp 1229w, https:\/\/kettanigroupe.com\/wp-content\/uploads\/2026\/01\/1757949214650-DSC_1704-1638x2048.webp 1638w\" sizes=\"(max-width: 2000px) 100vw, 2000px\" \/>\t\t\t\t\t\t\t\t\t\t\t\t\t\t\t<\/div>\n\t\t\t\t<\/div>\n\t\t\t\t\t<\/div>\n\t\t\t\t<\/div>\n\t\t<div class=\"elementor-element elementor-element-60bf09e8 e-flex e-con-boxed e-con e-parent\" data-id=\"60bf09e8\" data-element_type=\"container\" data-e-type=\"container\" data-settings=\"{&quot;background_background&quot;:&quot;classic&quot;}\">\n\t\t\t\t\t<div class=\"e-con-inner\">\n\t\t<div class=\"elementor-element elementor-element-18439d04 e-grid e-con-full e-con e-child\" data-id=\"18439d04\" data-element_type=\"container\" data-e-type=\"container\">\n\t\t\t\t<div class=\"elementor-element elementor-element-1369ae0 elementor-widget elementor-widget-text-editor\" data-id=\"1369ae0\" data-element_type=\"widget\" data-e-type=\"widget\" data-widget_type=\"text-editor.default\">\n\t\t\t\t<div class=\"elementor-widget-container\">\n\t\t\t\t\t\t\t\t\t<p>Brakett int\u00e8gre <strong data-start=\"2724\" data-end=\"2755\">motifs traditionnels marocains<\/strong> (zellige, bois sculpt\u00e9, arabesques) dans tous ses produits. Cette fusion entre motifs traditionnels et design moderne d\u00e9finit l'identit\u00e9 unique de la marque et relie chaque article \u00e0 la culture marocaine.<\/p>\t\t\t\t\t\t\t\t<\/div>\n\t\t\t\t<\/div>\n\t\t\t\t<\/div>\n\t\t\t\t\t<\/div>\n\t\t\t\t<\/div>\n\t\t<div class=\"elementor-element elementor-element-78b93e1a e-flex e-con-boxed e-con e-parent\" data-id=\"78b93e1a\" data-element_type=\"container\" data-e-type=\"container\" data-settings=\"{&quot;background_background&quot;:&quot;classic&quot;}\">\n\t\t\t\t\t<div class=\"e-con-inner\">\n\t\t\t\t<div class=\"elementor-element elementor-element-34b0c9c5 elementor-widget elementor-widget-heading\" data-id=\"34b0c9c5\" data-element_type=\"widget\" data-e-type=\"widget\" data-widget_type=\"heading.default\">\n\t\t\t\t<div class=\"elementor-widget-container\">\n\t\t\t\t\t<h2 class=\"elementor-heading-title elementor-size-default\">Engagement et valeurs<\/h2>\t\t\t\t<\/div>\n\t\t\t\t<\/div>\n\t\t<div class=\"elementor-element elementor-element-244a2fb4 e-grid e-con-full e-con e-child\" data-id=\"244a2fb4\" data-element_type=\"container\" data-e-type=\"container\" data-settings=\"{&quot;background_background&quot;:&quot;classic&quot;}\">\n\t\t<div class=\"elementor-element elementor-element-3daa3d3a e-con-full e-flex e-con e-child\" data-id=\"3daa3d3a\" data-element_type=\"container\" data-e-type=\"container\" data-settings=\"{&quot;background_background&quot;:&quot;classic&quot;}\">\n\t\t\t\t<div class=\"elementor-element elementor-element-101d0fc9 elementor-view-stacked elementor-shape-circle elementor-widget elementor-widget-icon\" data-id=\"101d0fc9\" data-element_type=\"widget\" data-e-type=\"widget\" data-widget_type=\"icon.default\">\n\t\t\t\t<div class=\"elementor-widget-container\">\n\t\t\t\t\t\t\t<div class=\"elementor-icon-wrapper\">\n\t\t\t<div class=\"elementor-icon\">\n\t\t\t<svg aria-hidden=\"true\" class=\"e-font-icon-svg e-fas-check\" viewbox=\"0 0 512 512\" xmlns=\"http:\/\/www.w3.org\/2000\/svg\"><path d=\"M173.898 439.404l-166.4-166.4c-9.997-9.997-9.997-26.206 0-36.204l36.203-36.204c9.997-9.998 26.207-9.998 36.204 0L192 312.69 432.095 72.596c9.997-9.997 26.207-9.997 36.204 0l36.203 36.204c9.997 9.997 9.997 26.206 0 36.204l-294.4 294.401c-9.998 9.997-26.207 9.997-36.204-.001z\"><\/path><\/svg>\t\t\t<\/div>\n\t\t<\/div>\n\t\t\t\t\t\t<\/div>\n\t\t\t\t<\/div>\n\t\t\t\t<div class=\"elementor-element elementor-element-6d1f31e7 elementor-widget elementor-widget-heading\" data-id=\"6d1f31e7\" data-element_type=\"widget\" data-e-type=\"widget\" data-widget_type=\"heading.default\">\n\t\t\t\t<div class=\"elementor-widget-container\">\n\t\t\t\t\t<h4 class=\"elementor-heading-title elementor-size-default\">Pr\u00e9servation culturelle<\/h4>\t\t\t\t<\/div>\n\t\t\t\t<\/div>\n\t\t\t\t<div class=\"elementor-element elementor-element-a3280f6 elementor-widget elementor-widget-text-editor\" data-id=\"a3280f6\" data-element_type=\"widget\" data-e-type=\"widget\" data-widget_type=\"text-editor.default\">\n\t\t\t\t<div class=\"elementor-widget-container\">\n\t\t\t\t\t\t\t\t\t<p>Brakett s'engage \u00e0 <strong data-start=\"3083\" data-end=\"3125\">pr\u00e9server le patrimoine artistique du Maroc<\/strong> en int\u00e9grant des motifs ancestraux et en soutenant l'artisanat local.<\/p>\t\t\t\t\t\t\t\t<\/div>\n\t\t\t\t<\/div>\n\t\t\t\t<\/div>\n\t\t<div class=\"elementor-element elementor-element-1d3af973 e-con-full e-flex e-con e-child\" data-id=\"1d3af973\" data-element_type=\"container\" data-e-type=\"container\" data-settings=\"{&quot;background_background&quot;:&quot;classic&quot;}\">\n\t\t\t\t<div class=\"elementor-element elementor-element-1d3ec998 elementor-view-stacked elementor-shape-circle elementor-widget elementor-widget-icon\" data-id=\"1d3ec998\" data-element_type=\"widget\" data-e-type=\"widget\" data-widget_type=\"icon.default\">\n\t\t\t\t<div class=\"elementor-widget-container\">\n\t\t\t\t\t\t\t<div class=\"elementor-icon-wrapper\">\n\t\t\t<div class=\"elementor-icon\">\n\t\t\t<svg aria-hidden=\"true\" class=\"e-font-icon-svg e-fas-check\" viewbox=\"0 0 512 512\" xmlns=\"http:\/\/www.w3.org\/2000\/svg\"><path d=\"M173.898 439.404l-166.4-166.4c-9.997-9.997-9.997-26.206 0-36.204l36.203-36.204c9.997-9.998 26.207-9.998 36.204 0L192 312.69 432.095 72.596c9.997-9.997 26.207-9.997 36.204 0l36.203 36.204c9.997 9.997 9.997 26.206 0 36.204l-294.4 294.401c-9.998 9.997-26.207 9.997-36.204-.001z\"><\/path><\/svg>\t\t\t<\/div>\n\t\t<\/div>\n\t\t\t\t\t\t<\/div>\n\t\t\t\t<\/div>\n\t\t\t\t<div class=\"elementor-element elementor-element-3d3084f1 elementor-widget elementor-widget-heading\" data-id=\"3d3084f1\" data-element_type=\"widget\" data-e-type=\"widget\" data-widget_type=\"heading.default\">\n\t\t\t\t<div class=\"elementor-widget-container\">\n\t\t\t\t\t<h4 class=\"elementor-heading-title elementor-size-default\">Qualit\u00e9 et confort<\/h4>\t\t\t\t<\/div>\n\t\t\t\t<\/div>\n\t\t\t\t<div class=\"elementor-element elementor-element-1e554580 elementor-widget elementor-widget-text-editor\" data-id=\"1e554580\" data-element_type=\"widget\" data-e-type=\"widget\" data-widget_type=\"text-editor.default\">\n\t\t\t\t<div class=\"elementor-widget-container\">\n\t\t\t\t\t\t\t\t\t<p>Les produits sont con\u00e7us pour les deux <strong data-start=\"3291\" data-end=\"3328\">esth\u00e9tique et fonctionnalit\u00e9<\/strong>, garantissant le confort sans compromettre le style<\/p>\t\t\t\t\t\t\t\t<\/div>\n\t\t\t\t<\/div>\n\t\t\t\t<\/div>\n\t\t<div class=\"elementor-element elementor-element-5489e283 e-con-full e-flex e-con e-child\" data-id=\"5489e283\" data-element_type=\"container\" data-e-type=\"container\">\n\t\t\t\t<\/div>\n\t\t\t\t<\/div>\n\t\t\t\t\t<\/div>\n\t\t\t\t<\/div>\n\t\t<div class=\"elementor-element elementor-element-3585ae17 e-con-full e-flex e-con e-parent\" data-id=\"3585ae17\" data-element_type=\"container\" data-e-type=\"container\">\n\t\t<div class=\"elementor-element elementor-element-484f0ac e-con-full e-flex e-con e-child\" data-id=\"484f0ac\" data-element_type=\"container\" data-e-type=\"container\" data-settings=\"{&quot;background_background&quot;:&quot;classic&quot;}\">\n\t\t\t\t<\/div>\n\t\t<div class=\"elementor-element elementor-element-45de6e4e e-con-full e-flex e-con e-child\" data-id=\"45de6e4e\" data-element_type=\"container\" data-e-type=\"container\">\n\t\t\t\t<div class=\"elementor-element elementor-element-3d441207 elementor-widget elementor-widget-heading\" data-id=\"3d441207\" data-element_type=\"widget\" data-e-type=\"widget\" data-widget_type=\"heading.default\">\n\t\t\t\t<div class=\"elementor-widget-container\">\n\t\t\t\t\t<h2 class=\"elementor-heading-title elementor-size-default\">Collections et gammes<\/h2>\t\t\t\t<\/div>\n\t\t\t\t<\/div>\n\t\t\t\t<div class=\"elementor-element elementor-element-50fbd1fd elementor-widget elementor-widget-text-editor\" data-id=\"50fbd1fd\" data-element_type=\"widget\" data-e-type=\"widget\" data-widget_type=\"text-editor.default\">\n\t\t\t\t<div class=\"elementor-widget-container\">\n\t\t\t\t\t\t\t\t\t<h4 data-start=\"1391\" data-end=\"1413\"><strong data-start=\"1396\" data-end=\"1413\">Pr\u00eat-\u00e0-porter<\/strong><\/h4><p>Brakett propose une large gamme de v\u00eatements pour hommes et femmes, allant de <strong data-start=\"1476\" data-end=\"1521\">robes et tuniques, chemises et t-shirts<\/strong>\u2014 chacune m\u00e9ticuleusement con\u00e7ue avec des motifs, des broderies et des tissus traditionnels marocains. Ces pi\u00e8ces refl\u00e8tent l' <strong data-start=\"1670\" data-end=\"1720\">authenticit\u00e9 et beaut\u00e9 de l'artisanat local.<\/strong><\/p><h4>Footwear<\/h4><p>La gamme de chaussures comprend <strong data-start=\"1801\" data-end=\"1827\">tongs et sandales<\/strong> qui allient confort et style, ajoutant une touche marocaine distinctive \u00e0 n'importe quel look.<\/p><h4 data-start=\"1947\" data-end=\"1979\"><strong data-start=\"1952\" data-end=\"1979\">Accessoires et souvenirs<\/strong><\/h4><p data-start=\"1980\" data-end=\"2289\">Brakett va au-del\u00e0 de la mode en proposant <strong data-start=\"2020\" data-end=\"2071\">accessoires tels que sacs, bijoux et foulards<\/strong> pour compl\u00e9ter une tenue. La marque vend \u00e9galement <strong data-start=\"2154\" data-end=\"2167\">souvenirs<\/strong> repr\u00e9sentant des symboles embl\u00e9matiques du Maroc, notamment des porte-cl\u00e9s, des tasses et des cahiers.<\/p>\t\t\t\t\t\t\t\t<\/div>\n\t\t\t\t<\/div>\n\t\t\t\t<\/div>\n\t\t\t\t<\/div>\n\t\t\t\t<\/div>","protected":false},"excerpt":{"rendered":"<p>Brakett Brakett is a Moroccan brand offering a diverse range of clothing and accessories for men and women, deeply inspired [&hellip;]<\/p>\n","protected":false},"author":1,"featured_media":2169,"parent":0,"menu_order":0,"comment_status":"closed","ping_status":"closed","template":"","meta":{"site-sidebar-layout":"no-sidebar","site-content-layout":"","ast-site-content-layout":"full-width-container","site-content-style":"default","site-sidebar-style":"default","ast-global-header-display":"","ast-banner-title-visibility":"","ast-main-header-display":"","ast-hfb-above-header-display":"","ast-hfb-below-header-display":"","ast-hfb-mobile-header-display":"","site-post-title":"disabled","ast-breadcrumbs-content":"","ast-featured-img":"disabled","footer-sml-layout":"","ast-disable-related-posts":"","theme-transparent-header-meta":"default","adv-header-id-meta":"","stick-header-meta":"default","header-above-stick-meta":"","header-main-stick-meta":"","header-below-stick-meta":"","astra-migrate-meta-layouts":"set","ast-page-background-enabled":"default","ast-page-background-meta":{"desktop":{"background-color":"var(--ast-global-color-5)","background-image":"","background-repeat":"repeat","background-position":"center center","background-size":"auto","background-attachment":"scroll","background-type":"","background-media":"","overlay-type":"","overlay-color":"","overlay-opacity":"","overlay-gradient":""},"tablet":{"background-color":"","background-image":"","background-repeat":"repeat","background-position":"center center","background-size":"auto","background-attachment":"scroll","background-type":"","background-media":"","overlay-type":"","overlay-color":"","overlay-opacity":"","overlay-gradient":""},"mobile":{"background-color":"","background-image":"","background-repeat":"repeat","background-position":"center center","background-size":"auto","background-attachment":"scroll","background-type":"","background-media":"","overlay-type":"","overlay-color":"","overlay-opacity":"","overlay-gradient":""}},"ast-content-background-meta":{"desktop":{"background-color":"var(--ast-global-color-4)","background-image":"","background-repeat":"repeat","background-position":"center center","background-size":"auto","background-attachment":"scroll","background-type":"","background-media":"","overlay-type":"","overlay-color":"","overlay-opacity":"","overlay-gradient":""},"tablet":{"background-color":"var(--ast-global-color-4)","background-image":"","background-repeat":"repeat","background-position":"center center","background-size":"auto","background-attachment":"scroll","background-type":"","background-media":"","overlay-type":"","overlay-color":"","overlay-opacity":"","overlay-gradient":""},"mobile":{"background-color":"var(--ast-global-color-4)","background-image":"","background-repeat":"repeat","background-position":"center center","background-size":"auto","background-attachment":"scroll","background-type":"","background-media":"","overlay-type":"","overlay-color":"","overlay-opacity":"","overlay-gradient":""}},"footnotes":""},"class_list":["post-2133","page","type-page","status-publish","has-post-thumbnail","hentry"],"_links":{"self":[{"href":"https:\/\/kettanigroupe.com\/fr\/wp-json\/wp\/v2\/pages\/2133","targetHints":{"allow":["GET"]}}],"collection":[{"href":"https:\/\/kettanigroupe.com\/fr\/wp-json\/wp\/v2\/pages"}],"about":[{"href":"https:\/\/kettanigroupe.com\/fr\/wp-json\/wp\/v2\/types\/page"}],"author":[{"embeddable":true,"href":"https:\/\/kettanigroupe.com\/fr\/wp-json\/wp\/v2\/users\/1"}],"replies":[{"embeddable":true,"href":"https:\/\/kettanigroupe.com\/fr\/wp-json\/wp\/v2\/comments?post=2133"}],"version-history":[{"count":26,"href":"https:\/\/kettanigroupe.com\/fr\/wp-json\/wp\/v2\/pages\/2133\/revisions"}],"predecessor-version":[{"id":2565,"href":"https:\/\/kettanigroupe.com\/fr\/wp-json\/wp\/v2\/pages\/2133\/revisions\/2565"}],"wp:featuredmedia":[{"embeddable":true,"href":"https:\/\/kettanigroupe.com\/fr\/wp-json\/wp\/v2\/media\/2169"}],"wp:attachment":[{"href":"https:\/\/kettanigroupe.com\/fr\/wp-json\/wp\/v2\/media?parent=2133"}],"curies":[{"name":"wp","href":"https:\/\/api.w.org\/{rel}","templated":true}]}}