{"id":2179,"date":"2026-01-08T13:20:48","date_gmt":"2026-01-08T13:20:48","guid":{"rendered":"https:\/\/kettanigroupe.com\/?page_id=2179"},"modified":"2026-02-27T15:29:34","modified_gmt":"2026-02-27T15:29:34","slug":"sogeka-mobility-services","status":"publish","type":"page","link":"https:\/\/kettanigroupe.com\/fr\/sogeka-mobility-services\/","title":{"rendered":"Sogeka mobility services"},"content":{"rendered":"<div data-elementor-type=\"wp-page\" data-elementor-id=\"2179\" class=\"elementor elementor-2179\">\n\t\t\t\t<div class=\"elementor-element elementor-element-4a2120d4 e-flex e-con-boxed e-con e-parent\" data-id=\"4a2120d4\" data-element_type=\"container\" data-e-type=\"container\" data-settings=\"{&quot;background_background&quot;:&quot;classic&quot;}\">\n\t\t\t\t\t<div class=\"e-con-inner\">\n\t\t<div class=\"elementor-element elementor-element-25aadf23 e-con-full e-flex e-con e-child\" data-id=\"25aadf23\" data-element_type=\"container\" data-e-type=\"container\">\n\t\t\t\t<div class=\"elementor-element elementor-element-73ac5b4a elementor-widget elementor-widget-heading\" data-id=\"73ac5b4a\" data-element_type=\"widget\" data-e-type=\"widget\" data-widget_type=\"heading.default\">\n\t\t\t\t<div class=\"elementor-widget-container\">\n\t\t\t\t\t<h1 class=\"elementor-heading-title elementor-size-default\">Sogeka<\/h1>\t\t\t\t<\/div>\n\t\t\t\t<\/div>\n\t\t\t\t<div class=\"elementor-element elementor-element-1823a59a elementor-widget elementor-widget-text-editor\" data-id=\"1823a59a\" data-element_type=\"widget\" data-e-type=\"widget\" data-widget_type=\"text-editor.default\">\n\t\t\t\t<div class=\"elementor-widget-container\">\n\t\t\t\t\t\t\t\t\t<p data-start=\"188\" data-end=\"350\">Sogeka est une marque de services sp\u00e9cialis\u00e9s du groupe Kettani, d\u00e9di\u00e9e \u00e0 la <strong data-start=\"261\" data-end=\"324\">gestion des services li\u00e9s au stationnement et \u00e0 la mobilit\u00e9 dans les a\u00e9roports<\/strong> dans les a\u00e9roports marocains.<\/p>\t\t\t\t\t\t\t\t<\/div>\n\t\t\t\t<\/div>\n\t\t\t\t<\/div>\n\t\t<div class=\"elementor-element elementor-element-448426a8 e-con-full e-flex e-con e-child\" data-id=\"448426a8\" data-element_type=\"container\" data-e-type=\"container\">\n\t\t\t\t<div class=\"elementor-element elementor-element-e7e4c39 elementor-widget elementor-widget-image\" data-id=\"e7e4c39\" data-element_type=\"widget\" data-e-type=\"widget\" data-widget_type=\"image.default\">\n\t\t\t\t<div class=\"elementor-widget-container\">\n\t\t\t\t\t\t\t\t\t\t\t\t\t\t\t<img fetchpriority=\"high\" decoding=\"async\" width=\"1024\" height=\"683\" src=\"https:\/\/kettanigroupe.com\/wp-content\/uploads\/2026\/01\/sogeka-20-1024x683.jpg\" class=\"attachment-large size-large wp-image-2360\" alt=\"sogeka (20)\" srcset=\"https:\/\/kettanigroupe.com\/wp-content\/uploads\/2026\/01\/sogeka-20-1024x683.jpg.webp 1024w, https:\/\/kettanigroupe.com\/wp-content\/uploads\/2026\/01\/sogeka-20-300x200.jpg.webp 300w, https:\/\/kettanigroupe.com\/wp-content\/uploads\/2026\/01\/sogeka-20-768x512.jpg.webp 768w, https:\/\/kettanigroupe.com\/wp-content\/uploads\/2026\/01\/sogeka-20-1536x1024.jpg.webp 1536w, https:\/\/kettanigroupe.com\/wp-content\/uploads\/2026\/01\/sogeka-20-2048x1365.jpg.webp 2048w\" sizes=\"(max-width: 1024px) 100vw, 1024px\" \/>\t\t\t\t\t\t\t\t\t\t\t\t\t\t\t<\/div>\n\t\t\t\t<\/div>\n\t\t\t\t<\/div>\n\t\t\t\t\t<\/div>\n\t\t\t\t<\/div>\n\t\t<div class=\"elementor-element elementor-element-f5290da e-flex e-con-boxed e-con e-parent\" data-id=\"f5290da\" data-element_type=\"container\" data-e-type=\"container\">\n\t\t\t\t\t<div class=\"e-con-inner\">\n\t\t<div class=\"elementor-element elementor-element-6c24046 e-con-full e-flex e-con e-child\" data-id=\"6c24046\" data-element_type=\"container\" data-e-type=\"container\">\n\t\t\t\t<div class=\"elementor-element elementor-element-7b1d98d elementor-widget elementor-widget-image\" data-id=\"7b1d98d\" data-element_type=\"widget\" data-e-type=\"widget\" data-widget_type=\"image.default\">\n\t\t\t\t<div class=\"elementor-widget-container\">\n\t\t\t\t\t\t\t\t\t\t\t\t\t\t\t<img decoding=\"async\" width=\"1024\" height=\"683\" src=\"https:\/\/kettanigroupe.com\/wp-content\/uploads\/2026\/01\/sogeka-32-1024x683.jpg\" class=\"attachment-large size-large wp-image-2324\" alt=\"sogeka\" srcset=\"https:\/\/kettanigroupe.com\/wp-content\/uploads\/2026\/01\/sogeka-32-1024x683.jpg.webp 1024w, https:\/\/kettanigroupe.com\/wp-content\/uploads\/2026\/01\/sogeka-32-300x200.jpg.webp 300w, https:\/\/kettanigroupe.com\/wp-content\/uploads\/2026\/01\/sogeka-32-768x512.jpg.webp 768w, https:\/\/kettanigroupe.com\/wp-content\/uploads\/2026\/01\/sogeka-32-1536x1024.jpg.webp 1536w, https:\/\/kettanigroupe.com\/wp-content\/uploads\/2026\/01\/sogeka-32-2048x1365.jpg.webp 2048w\" sizes=\"(max-width: 1024px) 100vw, 1024px\" \/>\t\t\t\t\t\t\t\t\t\t\t\t\t\t\t<\/div>\n\t\t\t\t<\/div>\n\t\t\t\t<\/div>\n\t\t<div class=\"elementor-element elementor-element-10a50ee e-con-full e-flex e-con e-child\" data-id=\"10a50ee\" data-element_type=\"container\" data-e-type=\"container\">\n\t\t\t\t<div class=\"elementor-element elementor-element-1ee75dd elementor-widget elementor-widget-image\" data-id=\"1ee75dd\" data-element_type=\"widget\" data-e-type=\"widget\" data-widget_type=\"image.default\">\n\t\t\t\t<div class=\"elementor-widget-container\">\n\t\t\t\t\t\t\t\t\t\t\t\t\t\t\t<img decoding=\"async\" width=\"1024\" height=\"683\" src=\"https:\/\/kettanigroupe.com\/wp-content\/uploads\/2026\/01\/sogeka-19-1024x683.jpg\" class=\"attachment-large size-large wp-image-2359\" alt=\"sogeka (19)\" srcset=\"https:\/\/kettanigroupe.com\/wp-content\/uploads\/2026\/01\/sogeka-19-1024x683.jpg.webp 1024w, https:\/\/kettanigroupe.com\/wp-content\/uploads\/2026\/01\/sogeka-19-300x200.jpg.webp 300w, https:\/\/kettanigroupe.com\/wp-content\/uploads\/2026\/01\/sogeka-19-768x512.jpg.webp 768w, https:\/\/kettanigroupe.com\/wp-content\/uploads\/2026\/01\/sogeka-19-1536x1024.jpg.webp 1536w, https:\/\/kettanigroupe.com\/wp-content\/uploads\/2026\/01\/sogeka-19-2048x1365.jpg.webp 2048w\" sizes=\"(max-width: 1024px) 100vw, 1024px\" \/>\t\t\t\t\t\t\t\t\t\t\t\t\t\t\t<\/div>\n\t\t\t\t<\/div>\n\t\t\t\t<\/div>\n\t\t<div class=\"elementor-element elementor-element-1d424d5 e-con-full e-flex e-con e-child\" data-id=\"1d424d5\" data-element_type=\"container\" data-e-type=\"container\">\n\t\t\t\t<div class=\"elementor-element elementor-element-9bf0b7e elementor-widget elementor-widget-image\" data-id=\"9bf0b7e\" data-element_type=\"widget\" data-e-type=\"widget\" data-widget_type=\"image.default\">\n\t\t\t\t<div class=\"elementor-widget-container\">\n\t\t\t\t\t\t\t\t\t\t\t\t\t\t\t<img loading=\"lazy\" decoding=\"async\" width=\"1024\" height=\"683\" src=\"https:\/\/kettanigroupe.com\/wp-content\/uploads\/2026\/01\/sogeka-26-1024x683.jpg\" class=\"attachment-large size-large wp-image-2318\" alt=\"sogeka (26)\" srcset=\"https:\/\/kettanigroupe.com\/wp-content\/uploads\/2026\/01\/sogeka-26-1024x683.jpg.webp 1024w, https:\/\/kettanigroupe.com\/wp-content\/uploads\/2026\/01\/sogeka-26-300x200.jpg.webp 300w, https:\/\/kettanigroupe.com\/wp-content\/uploads\/2026\/01\/sogeka-26-768x512.jpg.webp 768w, https:\/\/kettanigroupe.com\/wp-content\/uploads\/2026\/01\/sogeka-26-1536x1024.jpg.webp 1536w, https:\/\/kettanigroupe.com\/wp-content\/uploads\/2026\/01\/sogeka-26-2048x1365.jpg.webp 2048w\" sizes=\"(max-width: 1024px) 100vw, 1024px\" \/>\t\t\t\t\t\t\t\t\t\t\t\t\t\t\t<\/div>\n\t\t\t\t<\/div>\n\t\t\t\t<\/div>\n\t\t<div class=\"elementor-element elementor-element-8f213c7 e-con-full e-flex e-con e-child\" data-id=\"8f213c7\" data-element_type=\"container\" data-e-type=\"container\">\n\t\t\t\t<div class=\"elementor-element elementor-element-0de45e5 elementor-widget elementor-widget-image\" data-id=\"0de45e5\" data-element_type=\"widget\" data-e-type=\"widget\" data-widget_type=\"image.default\">\n\t\t\t\t<div class=\"elementor-widget-container\">\n\t\t\t\t\t\t\t\t\t\t\t\t\t\t\t<img loading=\"lazy\" decoding=\"async\" width=\"1024\" height=\"683\" src=\"https:\/\/kettanigroupe.com\/wp-content\/uploads\/2026\/01\/sogeka-7-1024x683.jpg\" class=\"attachment-large size-large wp-image-2347\" alt=\"sogeka (7)\" srcset=\"https:\/\/kettanigroupe.com\/wp-content\/uploads\/2026\/01\/sogeka-7-1024x683.jpg.webp 1024w, https:\/\/kettanigroupe.com\/wp-content\/uploads\/2026\/01\/sogeka-7-300x200.jpg.webp 300w, https:\/\/kettanigroupe.com\/wp-content\/uploads\/2026\/01\/sogeka-7-768x512.jpg.webp 768w, https:\/\/kettanigroupe.com\/wp-content\/uploads\/2026\/01\/sogeka-7-1536x1024.jpg.webp 1536w, https:\/\/kettanigroupe.com\/wp-content\/uploads\/2026\/01\/sogeka-7-2048x1365.jpg.webp 2048w\" sizes=\"(max-width: 1024px) 100vw, 1024px\" \/>\t\t\t\t\t\t\t\t\t\t\t\t\t\t\t<\/div>\n\t\t\t\t<\/div>\n\t\t\t\t<\/div>\n\t\t<div class=\"elementor-element elementor-element-99fba22 e-con-full e-flex e-con e-child\" data-id=\"99fba22\" data-element_type=\"container\" data-e-type=\"container\">\n\t\t\t\t<div class=\"elementor-element elementor-element-2d1366c elementor-widget elementor-widget-image\" data-id=\"2d1366c\" data-element_type=\"widget\" data-e-type=\"widget\" data-widget_type=\"image.default\">\n\t\t\t\t<div class=\"elementor-widget-container\">\n\t\t\t\t\t\t\t\t\t\t\t\t\t\t\t<img loading=\"lazy\" decoding=\"async\" width=\"1024\" height=\"683\" src=\"https:\/\/kettanigroupe.com\/wp-content\/uploads\/2026\/01\/sogeka-9-1024x683.jpg\" class=\"attachment-large size-large wp-image-2349\" alt=\"sogeka (9)\" srcset=\"https:\/\/kettanigroupe.com\/wp-content\/uploads\/2026\/01\/sogeka-9-1024x683.jpg.webp 1024w, https:\/\/kettanigroupe.com\/wp-content\/uploads\/2026\/01\/sogeka-9-300x200.jpg.webp 300w, https:\/\/kettanigroupe.com\/wp-content\/uploads\/2026\/01\/sogeka-9-768x512.jpg.webp 768w, https:\/\/kettanigroupe.com\/wp-content\/uploads\/2026\/01\/sogeka-9-1536x1024.jpg.webp 1536w, https:\/\/kettanigroupe.com\/wp-content\/uploads\/2026\/01\/sogeka-9-2048x1365.jpg.webp 2048w\" sizes=\"(max-width: 1024px) 100vw, 1024px\" \/>\t\t\t\t\t\t\t\t\t\t\t\t\t\t\t<\/div>\n\t\t\t\t<\/div>\n\t\t\t\t<\/div>\n\t\t<div class=\"elementor-element elementor-element-7364b9b e-con-full e-flex e-con e-child\" data-id=\"7364b9b\" data-element_type=\"container\" data-e-type=\"container\">\n\t\t\t\t<div class=\"elementor-element elementor-element-74b22a8 elementor-widget elementor-widget-image\" data-id=\"74b22a8\" data-element_type=\"widget\" data-e-type=\"widget\" data-widget_type=\"image.default\">\n\t\t\t\t<div class=\"elementor-widget-container\">\n\t\t\t\t\t\t\t\t\t\t\t\t\t\t\t<img loading=\"lazy\" decoding=\"async\" width=\"1024\" height=\"683\" src=\"https:\/\/kettanigroupe.com\/wp-content\/uploads\/2026\/01\/sogeka-27-1024x683.jpg\" class=\"attachment-large size-large wp-image-2319\" alt=\"sogeka (27)\" srcset=\"https:\/\/kettanigroupe.com\/wp-content\/uploads\/2026\/01\/sogeka-27-1024x683.jpg.webp 1024w, https:\/\/kettanigroupe.com\/wp-content\/uploads\/2026\/01\/sogeka-27-300x200.jpg.webp 300w, https:\/\/kettanigroupe.com\/wp-content\/uploads\/2026\/01\/sogeka-27-768x512.jpg.webp 768w, https:\/\/kettanigroupe.com\/wp-content\/uploads\/2026\/01\/sogeka-27-1536x1024.jpg.webp 1536w, https:\/\/kettanigroupe.com\/wp-content\/uploads\/2026\/01\/sogeka-27-2048x1365.jpg.webp 2048w\" sizes=\"(max-width: 1024px) 100vw, 1024px\" \/>\t\t\t\t\t\t\t\t\t\t\t\t\t\t\t<\/div>\n\t\t\t\t<\/div>\n\t\t\t\t<\/div>\n\t\t\t\t\t<\/div>\n\t\t\t\t<\/div>\n\t\t<div class=\"elementor-element elementor-element-7349b4c1 e-flex e-con-boxed e-con e-parent\" data-id=\"7349b4c1\" data-element_type=\"container\" data-e-type=\"container\">\n\t\t\t\t\t<div class=\"e-con-inner\">\n\t\t\t\t<div class=\"elementor-element elementor-element-5835e866 elementor-widget elementor-widget-heading\" data-id=\"5835e866\" data-element_type=\"widget\" data-e-type=\"widget\" data-widget_type=\"heading.default\">\n\t\t\t\t<div class=\"elementor-widget-container\">\n\t\t\t\t\t<h2 class=\"elementor-heading-title elementor-size-default\">Ce que fait Sogeka<\/h2>\t\t\t\t<\/div>\n\t\t\t\t<\/div>\n\t\t\t\t<div class=\"elementor-element elementor-element-2bf8f242 elementor-widget__width-initial elementor-widget elementor-widget-text-editor\" data-id=\"2bf8f242\" data-element_type=\"widget\" data-e-type=\"widget\" data-widget_type=\"text-editor.default\">\n\t\t\t\t<div class=\"elementor-widget-container\">\n\t\t\t\t\t\t\t\t\t<p data-start=\"382\" data-end=\"571\">Sogeka soutient les op\u00e9rations a\u00e9roportuaires en fournissant <strong data-start=\"430\" data-end=\"461\">services de stationnement structur\u00e9<\/strong> con\u00e7u pour am\u00e9liorer l'accessibilit\u00e9, l'organisation et la circulation des passagers, en coordination avec les autorit\u00e9s a\u00e9roportuaires.<\/p>\t\t\t\t\t\t\t\t<\/div>\n\t\t\t\t<\/div>\n\t\t\t\t<div class=\"elementor-element elementor-element-2eb83e4c elementor-widget elementor-widget-image\" data-id=\"2eb83e4c\" data-element_type=\"widget\" data-e-type=\"widget\" data-widget_type=\"image.default\">\n\t\t\t\t<div class=\"elementor-widget-container\">\n\t\t\t\t\t\t\t\t\t\t\t\t\t\t\t<img loading=\"lazy\" decoding=\"async\" width=\"2560\" height=\"1707\" src=\"https:\/\/kettanigroupe.com\/wp-content\/uploads\/2026\/01\/sogeka-11-scaled.jpg\" class=\"attachment-full size-full wp-image-2351\" alt=\"sogeka (11)\" srcset=\"https:\/\/kettanigroupe.com\/wp-content\/uploads\/2026\/01\/sogeka-11-scaled.jpg.webp 2560w, https:\/\/kettanigroupe.com\/wp-content\/uploads\/2026\/01\/sogeka-11-300x200.jpg.webp 300w, https:\/\/kettanigroupe.com\/wp-content\/uploads\/2026\/01\/sogeka-11-1024x683.jpg.webp 1024w, https:\/\/kettanigroupe.com\/wp-content\/uploads\/2026\/01\/sogeka-11-768x512.jpg.webp 768w, https:\/\/kettanigroupe.com\/wp-content\/uploads\/2026\/01\/sogeka-11-1536x1024.jpg.webp 1536w, https:\/\/kettanigroupe.com\/wp-content\/uploads\/2026\/01\/sogeka-11-2048x1365.jpg.webp 2048w\" sizes=\"(max-width: 2560px) 100vw, 2560px\" \/>\t\t\t\t\t\t\t\t\t\t\t\t\t\t\t<\/div>\n\t\t\t\t<\/div>\n\t\t\t\t\t<\/div>\n\t\t\t\t<\/div>\n\t\t<div class=\"elementor-element elementor-element-3b0a3b95 e-flex e-con-boxed e-con e-parent\" data-id=\"3b0a3b95\" data-element_type=\"container\" data-e-type=\"container\" data-settings=\"{&quot;background_background&quot;:&quot;classic&quot;}\">\n\t\t\t\t\t<div class=\"e-con-inner\">\n\t\t<div class=\"elementor-element elementor-element-39898d37 e-grid e-con-full e-con e-child\" data-id=\"39898d37\" data-element_type=\"container\" data-e-type=\"container\">\n\t\t\t\t<div class=\"elementor-element elementor-element-1bae9481 elementor-position-inline-start elementor-view-default elementor-mobile-position-block-start elementor-widget elementor-widget-icon-box\" data-id=\"1bae9481\" data-element_type=\"widget\" data-e-type=\"widget\" data-widget_type=\"icon-box.default\">\n\t\t\t\t<div class=\"elementor-widget-container\">\n\t\t\t\t\t\t\t<div class=\"elementor-icon-box-wrapper\">\n\n\t\t\t\t\t\t<div class=\"elementor-icon-box-icon\">\n\t\t\t\t<span  class=\"elementor-icon\">\n\t\t\t\t<svg aria-hidden=\"true\" class=\"e-font-icon-svg e-fas-check-circle\" viewbox=\"0 0 512 512\" xmlns=\"http:\/\/www.w3.org\/2000\/svg\"><path d=\"M504 256c0 136.967-111.033 248-248 248S8 392.967 8 256 119.033 8 256 8s248 111.033 248 248zM227.314 387.314l184-184c6.248-6.248 6.248-16.379 0-22.627l-22.627-22.627c-6.248-6.249-16.379-6.249-22.628 0L216 308.118l-70.059-70.059c-6.248-6.248-16.379-6.248-22.628 0l-22.627 22.627c-6.248 6.248-6.248 16.379 0 22.627l104 104c6.249 6.249 16.379 6.249 22.628.001z\"><\/path><\/svg>\t\t\t\t<\/span>\n\t\t\t<\/div>\n\t\t\t\n\t\t\t\t\t\t<div class=\"elementor-icon-box-content\">\n\n\t\t\t\t\t\t\t\t\t<p class=\"elementor-icon-box-title\">\n\t\t\t\t\t\t<span  >\n\t\t\t\t\t\t\tGestion du stationnement dans les a\u00e9roports\t\t\t\t\t\t<\/span>\n\t\t\t\t\t<\/p>\n\t\t\t\t\n\t\t\t\t\n\t\t\t<\/div>\n\t\t\t\n\t\t<\/div>\n\t\t\t\t\t\t<\/div>\n\t\t\t\t<\/div>\n\t\t\t\t<div class=\"elementor-element elementor-element-ff309bd elementor-position-inline-start elementor-view-default elementor-mobile-position-block-start elementor-widget elementor-widget-icon-box\" data-id=\"ff309bd\" data-element_type=\"widget\" data-e-type=\"widget\" data-widget_type=\"icon-box.default\">\n\t\t\t\t<div class=\"elementor-widget-container\">\n\t\t\t\t\t\t\t<div class=\"elementor-icon-box-wrapper\">\n\n\t\t\t\t\t\t<div class=\"elementor-icon-box-icon\">\n\t\t\t\t<span  class=\"elementor-icon\">\n\t\t\t\t<svg aria-hidden=\"true\" class=\"e-font-icon-svg e-fas-check-circle\" viewbox=\"0 0 512 512\" xmlns=\"http:\/\/www.w3.org\/2000\/svg\"><path d=\"M504 256c0 136.967-111.033 248-248 248S8 392.967 8 256 119.033 8 256 8s248 111.033 248 248zM227.314 387.314l184-184c6.248-6.248 6.248-16.379 0-22.627l-22.627-22.627c-6.248-6.249-16.379-6.249-22.628 0L216 308.118l-70.059-70.059c-6.248-6.248-16.379-6.248-22.628 0l-22.627 22.627c-6.248 6.248-6.248 16.379 0 22.627l104 104c6.249 6.249 16.379 6.249 22.628.001z\"><\/path><\/svg>\t\t\t\t<\/span>\n\t\t\t<\/div>\n\t\t\t\n\t\t\t\t\t\t<div class=\"elementor-icon-box-content\">\n\n\t\t\t\t\t\t\t\t\t<p class=\"elementor-icon-box-title\">\n\t\t\t\t\t\t<span  >\n\t\t\t\t\t\t\tAide \u00e0 la mobilit\u00e9 des passagers\t\t\t\t\t\t<\/span>\n\t\t\t\t\t<\/p>\n\t\t\t\t\n\t\t\t\t\n\t\t\t<\/div>\n\t\t\t\n\t\t<\/div>\n\t\t\t\t\t\t<\/div>\n\t\t\t\t<\/div>\n\t\t\t\t<div class=\"elementor-element elementor-element-de419b4 elementor-position-inline-start elementor-view-default elementor-mobile-position-block-start elementor-widget elementor-widget-icon-box\" data-id=\"de419b4\" data-element_type=\"widget\" data-e-type=\"widget\" data-widget_type=\"icon-box.default\">\n\t\t\t\t<div class=\"elementor-widget-container\">\n\t\t\t\t\t\t\t<div class=\"elementor-icon-box-wrapper\">\n\n\t\t\t\t\t\t<div class=\"elementor-icon-box-icon\">\n\t\t\t\t<span  class=\"elementor-icon\">\n\t\t\t\t<svg aria-hidden=\"true\" class=\"e-font-icon-svg e-fas-check-circle\" viewbox=\"0 0 512 512\" xmlns=\"http:\/\/www.w3.org\/2000\/svg\"><path d=\"M504 256c0 136.967-111.033 248-248 248S8 392.967 8 256 119.033 8 256 8s248 111.033 248 248zM227.314 387.314l184-184c6.248-6.248 6.248-16.379 0-22.627l-22.627-22.627c-6.248-6.249-16.379-6.249-22.628 0L216 308.118l-70.059-70.059c-6.248-6.248-16.379-6.248-22.628 0l-22.627 22.627c-6.248 6.248-6.248 16.379 0 22.627l104 104c6.249 6.249 16.379 6.249 22.628.001z\"><\/path><\/svg>\t\t\t\t<\/span>\n\t\t\t<\/div>\n\t\t\t\n\t\t\t\t\t\t<div class=\"elementor-icon-box-content\">\n\n\t\t\t\t\t\t\t\t\t<p class=\"elementor-icon-box-title\">\n\t\t\t\t\t\t<span  >\n\t\t\t\t\t\t\tEfficacit\u00e9 op\u00e9rationnelle et fiabilit\u00e9 du service\t\t\t\t\t\t<\/span>\n\t\t\t\t\t<\/p>\n\t\t\t\t\n\t\t\t\t\n\t\t\t<\/div>\n\t\t\t\n\t\t<\/div>\n\t\t\t\t\t\t<\/div>\n\t\t\t\t<\/div>\n\t\t\t\t<\/div>\n\t\t\t\t\t<\/div>\n\t\t\t\t<\/div>\n\t\t<div class=\"elementor-element elementor-element-5ea9d0ec e-con-full e-flex e-con e-parent\" data-id=\"5ea9d0ec\" data-element_type=\"container\" data-e-type=\"container\">\n\t\t<div class=\"elementor-element elementor-element-2159f99 e-con-full e-flex e-con e-child\" data-id=\"2159f99\" data-element_type=\"container\" data-e-type=\"container\" data-settings=\"{&quot;background_background&quot;:&quot;classic&quot;}\">\n\t\t\t\t<\/div>\n\t\t<div class=\"elementor-element elementor-element-5c6d14e e-con-full e-flex e-con e-child\" data-id=\"5c6d14e\" data-element_type=\"container\" data-e-type=\"container\">\n\t\t\t\t<div class=\"elementor-element elementor-element-1942a27e elementor-widget elementor-widget-heading\" data-id=\"1942a27e\" data-element_type=\"widget\" data-e-type=\"widget\" data-widget_type=\"heading.default\">\n\t\t\t\t<div class=\"elementor-widget-container\">\n\t\t\t\t\t<h2 class=\"elementor-heading-title elementor-size-default\">Engagement envers la qualit\u00e9<\/h2>\t\t\t\t<\/div>\n\t\t\t\t<\/div>\n\t\t\t\t<div class=\"elementor-element elementor-element-4141a5db elementor-widget elementor-widget-text-editor\" data-id=\"4141a5db\" data-element_type=\"widget\" data-e-type=\"widget\" data-widget_type=\"text-editor.default\">\n\t\t\t\t<div class=\"elementor-widget-container\">\n\t\t\t\t\t\t\t\t\t<p data-start=\"866\" data-end=\"1055\">Sogeka op\u00e8re avec des \u00e9quipes locales form\u00e9es et suit <strong data-start=\"919\" data-end=\"951\">processus qualit\u00e9 structur\u00e9s<\/strong>, contribuant ainsi \u00e0 l'engagement global du groupe Kettani en faveur de l'excellence du service et de la certification ISO (2025).<\/p>\t\t\t\t\t\t\t\t<\/div>\n\t\t\t\t<\/div>\n\t\t\t\t<div class=\"elementor-element elementor-element-1cacb802 elementor-widget elementor-widget-heading\" data-id=\"1cacb802\" data-element_type=\"widget\" data-e-type=\"widget\" data-widget_type=\"heading.default\">\n\t\t\t\t<div class=\"elementor-widget-container\">\n\t\t\t\t\t<h3 class=\"elementor-heading-title elementor-size-default\">R\u00f4le au sein du groupe Kettani<\/h3>\t\t\t\t<\/div>\n\t\t\t\t<\/div>\n\t\t\t\t<div class=\"elementor-element elementor-element-9bd7c4b elementor-widget elementor-widget-text-editor\" data-id=\"9bd7c4b\" data-element_type=\"widget\" data-e-type=\"widget\" data-widget_type=\"text-editor.default\">\n\t\t\t\t<div class=\"elementor-widget-container\">\n\t\t\t\t\t\t\t\t\t<p data-start=\"1096\" data-end=\"1299\">Dans le cadre du portefeuille de services du groupe Kettani, Sogeka joue un r\u00f4le cl\u00e9 dans <strong data-start=\"1169\" data-end=\"1205\">am\u00e9liorer l'exp\u00e9rience a\u00e9roportuaire<\/strong> en soutenant les services d'infrastructure essentiels qui compl\u00e8tent les activit\u00e9s de vente au d\u00e9tail et de voyage.<\/p>\t\t\t\t\t\t\t\t<\/div>\n\t\t\t\t<\/div>\n\t\t\t\t<\/div>\n\t\t\t\t<\/div>\n\t\t\t\t<\/div>","protected":false},"excerpt":{"rendered":"<p>Sogeka Sogeka is a specialised service brand of Kettani Group, dedicated to the management of airport parking and mobility-related services [&hellip;]<\/p>\n","protected":false},"author":1,"featured_media":2324,"parent":0,"menu_order":0,"comment_status":"closed","ping_status":"closed","template":"","meta":{"site-sidebar-layout":"no-sidebar","site-content-layout":"","ast-site-content-layout":"full-width-container","site-content-style":"default","site-sidebar-style":"default","ast-global-header-display":"","ast-banner-title-visibility":"","ast-main-header-display":"","ast-hfb-above-header-display":"","ast-hfb-below-header-display":"","ast-hfb-mobile-header-display":"","site-post-title":"disabled","ast-breadcrumbs-content":"","ast-featured-img":"disabled","footer-sml-layout":"","ast-disable-related-posts":"","theme-transparent-header-meta":"default","adv-header-id-meta":"","stick-header-meta":"default","header-above-stick-meta":"","header-main-stick-meta":"","header-below-stick-meta":"","astra-migrate-meta-layouts":"set","ast-page-background-enabled":"default","ast-page-background-meta":{"desktop":{"background-color":"var(--ast-global-color-5)","background-image":"","background-repeat":"repeat","background-position":"center center","background-size":"auto","background-attachment":"scroll","background-type":"","background-media":"","overlay-type":"","overlay-color":"","overlay-opacity":"","overlay-gradient":""},"tablet":{"background-color":"","background-image":"","background-repeat":"repeat","background-position":"center center","background-size":"auto","background-attachment":"scroll","background-type":"","background-media":"","overlay-type":"","overlay-color":"","overlay-opacity":"","overlay-gradient":""},"mobile":{"background-color":"","background-image":"","background-repeat":"repeat","background-position":"center center","background-size":"auto","background-attachment":"scroll","background-type":"","background-media":"","overlay-type":"","overlay-color":"","overlay-opacity":"","overlay-gradient":""}},"ast-content-background-meta":{"desktop":{"background-color":"var(--ast-global-color-4)","background-image":"","background-repeat":"repeat","background-position":"center center","background-size":"auto","background-attachment":"scroll","background-type":"","background-media":"","overlay-type":"","overlay-color":"","overlay-opacity":"","overlay-gradient":""},"tablet":{"background-color":"var(--ast-global-color-4)","background-image":"","background-repeat":"repeat","background-position":"center center","background-size":"auto","background-attachment":"scroll","background-type":"","background-media":"","overlay-type":"","overlay-color":"","overlay-opacity":"","overlay-gradient":""},"mobile":{"background-color":"var(--ast-global-color-4)","background-image":"","background-repeat":"repeat","background-position":"center center","background-size":"auto","background-attachment":"scroll","background-type":"","background-media":"","overlay-type":"","overlay-color":"","overlay-opacity":"","overlay-gradient":""}},"footnotes":""},"class_list":["post-2179","page","type-page","status-publish","has-post-thumbnail","hentry"],"_links":{"self":[{"href":"https:\/\/kettanigroupe.com\/fr\/wp-json\/wp\/v2\/pages\/2179","targetHints":{"allow":["GET"]}}],"collection":[{"href":"https:\/\/kettanigroupe.com\/fr\/wp-json\/wp\/v2\/pages"}],"about":[{"href":"https:\/\/kettanigroupe.com\/fr\/wp-json\/wp\/v2\/types\/page"}],"author":[{"embeddable":true,"href":"https:\/\/kettanigroupe.com\/fr\/wp-json\/wp\/v2\/users\/1"}],"replies":[{"embeddable":true,"href":"https:\/\/kettanigroupe.com\/fr\/wp-json\/wp\/v2\/comments?post=2179"}],"version-history":[{"count":18,"href":"https:\/\/kettanigroupe.com\/fr\/wp-json\/wp\/v2\/pages\/2179\/revisions"}],"predecessor-version":[{"id":2567,"href":"https:\/\/kettanigroupe.com\/fr\/wp-json\/wp\/v2\/pages\/2179\/revisions\/2567"}],"wp:featuredmedia":[{"embeddable":true,"href":"https:\/\/kettanigroupe.com\/fr\/wp-json\/wp\/v2\/media\/2324"}],"wp:attachment":[{"href":"https:\/\/kettanigroupe.com\/fr\/wp-json\/wp\/v2\/media?parent=2179"}],"curies":[{"name":"wp","href":"https:\/\/api.w.org\/{rel}","templated":true}]}}